{"id":1910,"date":"2022-07-15T08:07:14","date_gmt":"2022-07-15T08:07:14","guid":{"rendered":"https:\/\/elsaconcierge.com\/contatto\/"},"modified":"2023-06-20T15:29:59","modified_gmt":"2023-06-20T15:29:59","slug":"contatti","status":"publish","type":"page","link":"https:\/\/elsaconcierge.com\/it\/contatti\/","title":{"rendered":"Contatti"},"content":{"rendered":"<section class=\"l-section wpb_row height_small\"><div class=\"l-section-h i-cf\"><div class=\"g-cols vc_row via_flex valign_top type_default stacking_default\"><div class=\"vc_col-sm-6 wpb_column vc_column_container\"><div class=\"vc_column-inner\"><div class=\"wpb_wrapper\"><div class=\"wpb_text_column\"><div class=\"wpb_wrapper\"><p>Se desideri ricevere un preventivo o richiedere informazioni sui nostri servizi concierge in Sardegna, puoi contattarci con le modalit\u00e0 che pi\u00f9 preferisci.<\/p>\n<p>\u00c8 facile mettersi in contatto con noi: <strong>compila un semplice modulo<\/strong> qui sotto che ci aiuter\u00e0 a selezionare le caratteristiche pi\u00f9 adatte alla tua richiesta.<\/p>\n<p>Inoltre, puoi contattarci su <strong>WhatsApp<\/strong>.<\/p>\n<\/div><\/div><\/div><\/div><\/div><div class=\"vc_col-sm-6 wpb_column vc_column_container\"><div class=\"vc_column-inner\"><div class=\"wpb_wrapper\"><div class=\"w-image style_shadow-2 align_center\"><div class=\"w-image-h\"><div class=\"w-image-shadow\" style=\"background-image:url(https:\/\/elsaconcierge.com\/wp-content\/uploads\/2022\/07\/pexels-andrea-piacquadio-789822-scaled.jpg);\"><\/div><img decoding=\"async\" width=\"2560\" height=\"1707\" src=\"https:\/\/elsaconcierge.com\/wp-content\/uploads\/2022\/07\/pexels-andrea-piacquadio-789822-scaled.jpg\" class=\"attachment-full size-full\" alt=\"\" loading=\"lazy\" srcset=\"https:\/\/elsaconcierge.com\/wp-content\/uploads\/2022\/07\/pexels-andrea-piacquadio-789822-scaled.jpg 2560w, https:\/\/elsaconcierge.com\/wp-content\/uploads\/2022\/07\/pexels-andrea-piacquadio-789822-scaled-600x400.jpg 600w, https:\/\/elsaconcierge.com\/wp-content\/uploads\/2022\/07\/pexels-andrea-piacquadio-789822-300x200.jpg 300w, https:\/\/elsaconcierge.com\/wp-content\/uploads\/2022\/07\/pexels-andrea-piacquadio-789822-1024x683.jpg 1024w\" sizes=\"auto, (max-width: 2560px) 100vw, 2560px\" \/><\/div><\/div><\/div><\/div><\/div><\/div><\/div><\/section><section class=\"l-section wpb_row height_small color_alternate\"><div class=\"l-section-h i-cf\"><div class=\"g-cols vc_row via_flex valign_top type_default stacking_default\"><div class=\"vc_col-sm-12 wpb_column vc_column_container\"><div class=\"vc_column-inner\"><div class=\"wpb_wrapper\"><div class=\"wpb_text_column\"><div class=\"wpb_wrapper\"><\/div><\/div><\/div><\/div><\/div><\/div><\/div><\/section><section class=\"l-section wpb_row height_small\"><div class=\"l-section-h i-cf\"><div class=\"g-cols vc_row via_flex valign_top type_default stacking_default\"><div class=\"vc_col-sm-8 wpb_column vc_column_container\"><div class=\"vc_column-inner\"><div class=\"wpb_wrapper\"><form class=\"w-form  layout_ver for_cform us_form_1\" autocomplete=\"off\" action=\"https:\/\/elsaconcierge.com\/it\/wp-json\/wp\/v2\/pages\/1910\" method=\"post\"><div class=\"w-form-h\"><div class=\"w-form-row for_text required cols_2\">\r\n\t\t<div class=\"w-form-row-field\">\r\n\t\t\t\t\t\t<input aria-label=\"Nome\" type=\"text\" name=\"us_form_1_text_1\" value placeholder=\"Nome *\" data-required=\"true\" aria-required=\"true\"\/>\r\n\t\t\t<\/div>\r\n\t\t<div class=\"w-form-row-state\">Compila questo campo<\/div>\r\n<\/div>\r\n<div class=\"w-form-row for_text cols_2\">\r\n\t\t<div class=\"w-form-row-field\">\r\n\t\t\t\t\t\t<input aria-label=\"Cognome\" type=\"text\" name=\"us_form_1_text_2\" value placeholder=\"Cognome\"\/>\r\n\t\t\t<\/div>\r\n\t\t<div class=\"w-form-row-state\">Compila questo campo<\/div>\r\n<\/div>\r\n<div class=\"w-form-row for_email cols_2\">\r\n\t\t<div class=\"w-form-row-field\">\r\n\t\t\t\t\t\t<input aria-label=\"Email\" type=\"email\" name=\"us_form_1_email_1\" value placeholder=\"Email\"\/>\r\n\t\t\t<\/div>\r\n\t\t<div class=\"w-form-row-state\">Inserisci un indirizzo email valido.<\/div>\r\n<\/div>\r\n<div class=\"w-form-row for_text cols_2\">\r\n\t\t<div class=\"w-form-row-field\">\r\n\t\t\t\t\t\t<input aria-label=\"Telefono\" inputmode=\"tel\" type=\"text\" name=\"us_form_1_text_3\" value placeholder=\"Telefono\"\/>\r\n\t\t\t<\/div>\r\n\t\t<div class=\"w-form-row-state\">Compila questo campo<\/div>\r\n<\/div>\r\n<div class=\"w-form-row for_select has_label cols_2\">\r\n\t\t\t<div class=\"w-form-row-label\">\r\n\t\t\t<span>Tipo di richiesta<\/span>\r\n\t\t<\/div>\r\n\t\t<div class=\"w-form-row-field\">\r\n\t\t\t\t\t\t<select aria-label=\"Tipo di richiesta\" name=\"us_form_1_select_1\">\r\n\t\t\t<option value=\"Seleziona il tipo di richiesta\">Seleziona il tipo di richiesta<\/option><option value=\"Individuale\">Individuale<\/option><option value=\"Aziendale\">Aziendale<\/option>\t\t<\/select>\r\n\t\t\t<\/div>\r\n\t\t<div class=\"w-form-row-state\">Seleziona un'opzione<\/div>\r\n<\/div>\r\n<div class=\"w-form-row for_select has_label cols_2\">\r\n\t\t\t<div class=\"w-form-row-label\">\r\n\t\t\t<span>Richiedi tipo di servizio<\/span>\r\n\t\t<\/div>\r\n\t\t<div class=\"w-form-row-field\">\r\n\t\t\t\t\t\t<select aria-label=\"Richiedi tipo di servizio\" name=\"us_form_1_select_2\">\r\n\t\t\t<option value=\"Seleziona il tipo di servizio\">Seleziona il tipo di servizio<\/option><option value=\"Catering\">Catering<\/option><option value=\"Ticket esclusivi eventi\">Ticket esclusivi eventi<\/option><option value=\"Composizioni floreali\">Composizioni floreali<\/option><option value=\"Reclutamento del personale\">Reclutamento del personale<\/option><option value=\"Benessere\">Benessere<\/option><option value=\"Conferenze\">Conferenze<\/option><option value=\"Feste private\">Feste private<\/option><option value=\"Eventi sportivi\">Eventi sportivi<\/option><option value=\"Matrimoni\">Matrimoni<\/option><option value=\"Noleggio\">Noleggio<\/option><option value=\"Esperienze\">Esperienze<\/option><option value=\"Altro\">Altro<\/option>\t\t<\/select>\r\n\t\t\t<\/div>\r\n\t\t<div class=\"w-form-row-state\">Seleziona un'opzione<\/div>\r\n<\/div>\r\n<div class=\"w-form-row for_text\">\r\n\t\t<div class=\"w-form-row-field\">\r\n\t\t\t\t\t\t<input aria-label=\"Altro servizio non in lista\" type=\"text\" name=\"us_form_1_text_4\" value placeholder=\"Altro servizio non in lista\"\/>\r\n\t\t\t<\/div>\r\n\t\t<div class=\"w-form-row-state\">Compila questo campo<\/div>\r\n<\/div>\r\n<div class=\"w-form-row for_text has_label cols_2\">\r\n\t\t\t<div class=\"w-form-row-label\">\r\n\t\t\t<span>Budget per i servizi<\/span>\r\n\t\t<\/div>\r\n\t\t<div class=\"w-form-row-field\">\r\n\t\t\t\t\t\t<input aria-label=\"Budget per i servizi\" inputmode=\"numeric\" type=\"text\" name=\"us_form_1_text_5\" value placeholder=\"\u20ac \"\/>\r\n\t\t\t<\/div>\r\n\t\t<div class=\"w-form-row-state\">Compila questo campo<\/div>\r\n<\/div>\r\n<div class=\"w-form-row for_date has_label cols_2\">\r\n\t\t\t<div class=\"w-form-row-label\">\r\n\t\t\t<span>Quando sono necessari i servizi?<\/span>\r\n\t\t<\/div>\r\n\t\t<div class=\"w-form-row-field\">\r\n\t\t\t\t\t\t<input type=\"text\" name=\"us_form_1_date_1\" value inputmode=\"none\" data-date-format=\"d MM yy\" aria-label=\"Quando sono necessari i servizi?\" placeholder=\"Scadenza per i servizi?\"\/>\r\n\t\t\t<\/div>\r\n\t\t<div class=\"w-form-row-state\">Compila questo campo<\/div>\r\n<\/div>\r\n<div class=\"w-form-row for_textarea\">\r\n\t\t<div class=\"w-form-row-field\">\r\n\t\t\t\t\t\t<textarea aria-label=\"Messaggio\" name=\"us_form_1_textarea_1\" placeholder=\"Messaggio\"><\/textarea>\r\n\t\t\t<\/div>\r\n\t\t<div class=\"w-form-row-state\">Compila questo campo<\/div>\r\n<\/div>\r\n<div class=\"w-form-row for_agreement required\">\r\n\t\t\t<div class=\"w-form-row-label\">\r\n\t\t\t<span>Privacy Policy <span class=\"required\">*<\/span><\/span>\r\n\t\t<\/div>\r\n\t\t<div class=\"w-form-row-field\">\r\n\t\t\t\t<label>\r\n\t\t\t<input type=\"checkbox\" value=\"1\" data-required=\"true\" aria-required=\"true\" name=\"us_form_1_agreement_1\"\/>\r\n\t\t\t<span>Accetto che le mie informazioni qui inserite vengano utilizzate per rispondere alla mia richiesta. <a href=\"https:\/\/elsaconcierge.com\/it\/privacy-policy\/\">Privacy Policy<\/a><\/span>\r\n\t\t<\/label>\r\n\t\t\t<\/div>\r\n\t\t<div class=\"w-form-row-state\">Devi accettare i termini per procedere<\/div>\r\n<\/div>\r\n<div class=\"w-form-row for_captcha has_label required\">\r\n\t<div class=\"w-form-row-label\">\r\n\t\t<span>Security Check <span>26 + 2 = ?<\/span><\/span>\r\n\t<\/div>\r\n\t<div class=\"w-form-row-field\">\r\n\t\t\t\t<input type=\"hidden\" name=\"us_form_1_captcha_1_hash\" value=\"044ae41f28846dd062ddd3b0c3263364\" \/>\r\n\t\t\t\t<input aria-label=\"Security Check\" type=\"text\" name=\"us_form_1_captcha_1\" placeholder data-required=\"true\" aria-required=\"true\"\/>\r\n\t\t\t<\/div>\r\n\t\t<div class=\"w-form-row-state\">Inserisci il risultato dell'equazione per procedere<\/div>\r\n<\/div>\r\n<input type=\"hidden\" name=\"action\" value=\"us_ajax_cform\" \/>\r\n<input type=\"hidden\" name=\"post_id\" value=\"0\" \/>\r\n<input type=\"hidden\" name=\"form_index\" value=\"1\" \/>\r\n<div class=\"w-form-row for_submit align_none\">\r\n\t<button class=\"w-btn  us-btn-style_1\" aria-label=\"Invia\" type=\"submit\">\r\n\t\t<span class=\"g-preloader type_1\"><\/span>\r\n\t\t\t\t<span class=\"w-btn-label\">Invia<\/span>\r\n\t\t\t<\/button>\r\n\t<\/div>\r\n<\/div><div class=\"w-form-message\"><\/div><div class=\"w-form-json hidden\" onclick='return {&quot;ajaxurl&quot;:&quot;https:\\\/\\\/elsaconcierge.com\\\/wp-admin\\\/admin-ajax.php&quot;,&quot;messages&quot;:{&quot;err_empty&quot;:&quot;Compila questo campo&quot;,&quot;err_size&quot;:&quot;File size cannot exceed %s MB&quot;,&quot;err_extension&quot;:&quot;%s file type is not allowed&quot;}}'><\/div><\/form><\/div><\/div><\/div><div class=\"vc_col-sm-4 wpb_column vc_column_container\"><div class=\"vc_column-inner\"><div class=\"wpb_wrapper\"><span class=\"w-text\"><span class=\"w-text-h\"><span class=\"w-text-value\">ELSA Concierge Services<\/span><\/span><\/span><div class=\"w-separator size_custom\" style=\"height:3px\"><\/div><span class=\"w-text icon_atleft\"><span class=\"w-text-h\"><i class=\"fal fa-map-marker-alt\"><\/i><span class=\"w-text-value\">via Acquedotto 37 \u2013 Olbia Italy<\/span><\/span><\/span><div class=\"w-separator size_custom\" style=\"height:3px\"><\/div><span class=\"w-text icon_atleft\"><a href=\"tel:+393452678064\" class=\"w-text-h\"><i class=\"fal fa-phone\"><\/i><span class=\"w-text-value\">+39 345 2678064<\/span><\/a><\/span><div class=\"w-separator size_custom\" style=\"height:3px\"><\/div><span class=\"w-text icon_atleft\"><a href=\"mailto:info@elsaconsierge.com\" class=\"w-text-h\"><i class=\"fal fa-envelope\"><\/i><span class=\"w-text-value\">info@elsaconsierge.com<\/span><\/a><\/span><\/div><\/div><\/div><\/div><\/div><\/section>\n","protected":false},"excerpt":{"rendered":"Se desideri ricevere un preventivo o richiedere informazioni sui nostri servizi concierge in Sardegna, puoi contattarci con le modalit\u00e0 che pi\u00f9 preferisci. \u00c8 facile mettersi in contatto con noi: compila un semplice modulo qui sotto che ci aiuter\u00e0 a selezionare le caratteristiche pi\u00f9 adatte alla tua richiesta. Inoltre, puoi contattarci su WhatsApp. Compila questo campo...","protected":false},"author":1,"featured_media":1645,"parent":0,"menu_order":15,"comment_status":"closed","ping_status":"closed","template":"","meta":{"_acf_changed":false,"footnotes":""},"categories":[],"tags":[],"class_list":["post-1910","page","type-page","status-publish","has-post-thumbnail","hentry"],"acf":[],"yoast_head":"<!-- This site is optimized with the Yoast SEO plugin v22.5 - https:\/\/yoast.com\/wordpress\/plugins\/seo\/ -->\n<title>Contatti - ELSA Concierge Services<\/title>\n<meta name=\"robots\" content=\"index, follow, max-snippet:-1, max-image-preview:large, max-video-preview:-1\" \/>\n<link rel=\"canonical\" href=\"https:\/\/elsaconcierge.com\/it\/contatti\/\" \/>\n<meta property=\"og:locale\" content=\"it_IT\" \/>\n<meta property=\"og:type\" content=\"article\" \/>\n<meta property=\"og:title\" content=\"Contatti - ELSA Concierge Services\" \/>\n<meta property=\"og:url\" content=\"https:\/\/elsaconcierge.com\/it\/contatti\/\" \/>\n<meta property=\"og:site_name\" content=\"ELSA Concierge Services\" \/>\n<meta property=\"article:modified_time\" content=\"2023-06-20T15:29:59+00:00\" \/>\n<meta property=\"og:image\" content=\"https:\/\/elsaconcierge.com\/wp-content\/uploads\/2022\/07\/pexels-life-of-pix-8264-scaled.jpg\" \/>\n\t<meta property=\"og:image:width\" content=\"2560\" \/>\n\t<meta property=\"og:image:height\" content=\"1314\" \/>\n\t<meta property=\"og:image:type\" content=\"image\/jpeg\" \/>\n<meta name=\"twitter:card\" content=\"summary_large_image\" \/>\n<meta name=\"twitter:label1\" content=\"Tempo di lettura stimato\" \/>\n\t<meta name=\"twitter:data1\" content=\"1 minuto\" \/>\n<script type=\"application\/ld+json\" class=\"yoast-schema-graph\">{\"@context\":\"https:\/\/schema.org\",\"@graph\":[{\"@type\":\"WebPage\",\"@id\":\"https:\/\/elsaconcierge.com\/it\/contatti\/\",\"url\":\"https:\/\/elsaconcierge.com\/it\/contatti\/\",\"name\":\"Contatti - ELSA Concierge Services\",\"isPartOf\":{\"@id\":\"https:\/\/elsaconcierge.com\/#website\"},\"primaryImageOfPage\":{\"@id\":\"https:\/\/elsaconcierge.com\/it\/contatti\/#primaryimage\"},\"image\":{\"@id\":\"https:\/\/elsaconcierge.com\/it\/contatti\/#primaryimage\"},\"thumbnailUrl\":\"https:\/\/elsaconcierge.com\/wp-content\/uploads\/2022\/07\/pexels-life-of-pix-8264-scaled.jpg\",\"datePublished\":\"2022-07-15T08:07:14+00:00\",\"dateModified\":\"2023-06-20T15:29:59+00:00\",\"breadcrumb\":{\"@id\":\"https:\/\/elsaconcierge.com\/it\/contatti\/#breadcrumb\"},\"inLanguage\":\"it-IT\",\"potentialAction\":[{\"@type\":\"ReadAction\",\"target\":[\"https:\/\/elsaconcierge.com\/it\/contatti\/\"]}]},{\"@type\":\"ImageObject\",\"inLanguage\":\"it-IT\",\"@id\":\"https:\/\/elsaconcierge.com\/it\/contatti\/#primaryimage\",\"url\":\"https:\/\/elsaconcierge.com\/wp-content\/uploads\/2022\/07\/pexels-life-of-pix-8264-scaled.jpg\",\"contentUrl\":\"https:\/\/elsaconcierge.com\/wp-content\/uploads\/2022\/07\/pexels-life-of-pix-8264-scaled.jpg\",\"width\":2560,\"height\":1314},{\"@type\":\"BreadcrumbList\",\"@id\":\"https:\/\/elsaconcierge.com\/it\/contatti\/#breadcrumb\",\"itemListElement\":[{\"@type\":\"ListItem\",\"position\":1,\"name\":\"Home\",\"item\":\"https:\/\/elsaconcierge.com\/it\/\"},{\"@type\":\"ListItem\",\"position\":2,\"name\":\"Contatti\"}]},{\"@type\":\"WebSite\",\"@id\":\"https:\/\/elsaconcierge.com\/#website\",\"url\":\"https:\/\/elsaconcierge.com\/\",\"name\":\"ELSA Concierge Services\",\"description\":\"\",\"publisher\":{\"@id\":\"https:\/\/elsaconcierge.com\/#organization\"},\"potentialAction\":[{\"@type\":\"SearchAction\",\"target\":{\"@type\":\"EntryPoint\",\"urlTemplate\":\"https:\/\/elsaconcierge.com\/?s={search_term_string}\"},\"query-input\":\"required name=search_term_string\"}],\"inLanguage\":\"it-IT\"},{\"@type\":\"Organization\",\"@id\":\"https:\/\/elsaconcierge.com\/#organization\",\"name\":\"ELSA Concierge Services\",\"url\":\"https:\/\/elsaconcierge.com\/\",\"logo\":{\"@type\":\"ImageObject\",\"inLanguage\":\"it-IT\",\"@id\":\"https:\/\/elsaconcierge.com\/#\/schema\/logo\/image\/\",\"url\":\"https:\/\/elsaconcierge.com\/wp-content\/uploads\/2022\/04\/logo-elsa-copia.png\",\"contentUrl\":\"https:\/\/elsaconcierge.com\/wp-content\/uploads\/2022\/04\/logo-elsa-copia.png\",\"width\":278,\"height\":268,\"caption\":\"ELSA Concierge Services\"},\"image\":{\"@id\":\"https:\/\/elsaconcierge.com\/#\/schema\/logo\/image\/\"}}]}<\/script>\n<!-- \/ Yoast SEO plugin. -->","yoast_head_json":{"title":"Contatti - ELSA Concierge Services","robots":{"index":"index","follow":"follow","max-snippet":"max-snippet:-1","max-image-preview":"max-image-preview:large","max-video-preview":"max-video-preview:-1"},"canonical":"https:\/\/elsaconcierge.com\/it\/contatti\/","og_locale":"it_IT","og_type":"article","og_title":"Contatti - ELSA Concierge Services","og_url":"https:\/\/elsaconcierge.com\/it\/contatti\/","og_site_name":"ELSA Concierge Services","article_modified_time":"2023-06-20T15:29:59+00:00","og_image":[{"width":2560,"height":1314,"url":"https:\/\/elsaconcierge.com\/wp-content\/uploads\/2022\/07\/pexels-life-of-pix-8264-scaled.jpg","type":"image\/jpeg"}],"twitter_card":"summary_large_image","twitter_misc":{"Tempo di lettura stimato":"1 minuto"},"schema":{"@context":"https:\/\/schema.org","@graph":[{"@type":"WebPage","@id":"https:\/\/elsaconcierge.com\/it\/contatti\/","url":"https:\/\/elsaconcierge.com\/it\/contatti\/","name":"Contatti - ELSA Concierge Services","isPartOf":{"@id":"https:\/\/elsaconcierge.com\/#website"},"primaryImageOfPage":{"@id":"https:\/\/elsaconcierge.com\/it\/contatti\/#primaryimage"},"image":{"@id":"https:\/\/elsaconcierge.com\/it\/contatti\/#primaryimage"},"thumbnailUrl":"https:\/\/elsaconcierge.com\/wp-content\/uploads\/2022\/07\/pexels-life-of-pix-8264-scaled.jpg","datePublished":"2022-07-15T08:07:14+00:00","dateModified":"2023-06-20T15:29:59+00:00","breadcrumb":{"@id":"https:\/\/elsaconcierge.com\/it\/contatti\/#breadcrumb"},"inLanguage":"it-IT","potentialAction":[{"@type":"ReadAction","target":["https:\/\/elsaconcierge.com\/it\/contatti\/"]}]},{"@type":"ImageObject","inLanguage":"it-IT","@id":"https:\/\/elsaconcierge.com\/it\/contatti\/#primaryimage","url":"https:\/\/elsaconcierge.com\/wp-content\/uploads\/2022\/07\/pexels-life-of-pix-8264-scaled.jpg","contentUrl":"https:\/\/elsaconcierge.com\/wp-content\/uploads\/2022\/07\/pexels-life-of-pix-8264-scaled.jpg","width":2560,"height":1314},{"@type":"BreadcrumbList","@id":"https:\/\/elsaconcierge.com\/it\/contatti\/#breadcrumb","itemListElement":[{"@type":"ListItem","position":1,"name":"Home","item":"https:\/\/elsaconcierge.com\/it\/"},{"@type":"ListItem","position":2,"name":"Contatti"}]},{"@type":"WebSite","@id":"https:\/\/elsaconcierge.com\/#website","url":"https:\/\/elsaconcierge.com\/","name":"ELSA Concierge Services","description":"","publisher":{"@id":"https:\/\/elsaconcierge.com\/#organization"},"potentialAction":[{"@type":"SearchAction","target":{"@type":"EntryPoint","urlTemplate":"https:\/\/elsaconcierge.com\/?s={search_term_string}"},"query-input":"required name=search_term_string"}],"inLanguage":"it-IT"},{"@type":"Organization","@id":"https:\/\/elsaconcierge.com\/#organization","name":"ELSA Concierge Services","url":"https:\/\/elsaconcierge.com\/","logo":{"@type":"ImageObject","inLanguage":"it-IT","@id":"https:\/\/elsaconcierge.com\/#\/schema\/logo\/image\/","url":"https:\/\/elsaconcierge.com\/wp-content\/uploads\/2022\/04\/logo-elsa-copia.png","contentUrl":"https:\/\/elsaconcierge.com\/wp-content\/uploads\/2022\/04\/logo-elsa-copia.png","width":278,"height":268,"caption":"ELSA Concierge Services"},"image":{"@id":"https:\/\/elsaconcierge.com\/#\/schema\/logo\/image\/"}}]}},"_links":{"self":[{"href":"https:\/\/elsaconcierge.com\/it\/wp-json\/wp\/v2\/pages\/1910","targetHints":{"allow":["GET"]}}],"collection":[{"href":"https:\/\/elsaconcierge.com\/it\/wp-json\/wp\/v2\/pages"}],"about":[{"href":"https:\/\/elsaconcierge.com\/it\/wp-json\/wp\/v2\/types\/page"}],"author":[{"embeddable":true,"href":"https:\/\/elsaconcierge.com\/it\/wp-json\/wp\/v2\/users\/1"}],"replies":[{"embeddable":true,"href":"https:\/\/elsaconcierge.com\/it\/wp-json\/wp\/v2\/comments?post=1910"}],"version-history":[{"count":18,"href":"https:\/\/elsaconcierge.com\/it\/wp-json\/wp\/v2\/pages\/1910\/revisions"}],"predecessor-version":[{"id":2785,"href":"https:\/\/elsaconcierge.com\/it\/wp-json\/wp\/v2\/pages\/1910\/revisions\/2785"}],"wp:featuredmedia":[{"embeddable":true,"href":"https:\/\/elsaconcierge.com\/it\/wp-json\/wp\/v2\/media\/1645"}],"wp:attachment":[{"href":"https:\/\/elsaconcierge.com\/it\/wp-json\/wp\/v2\/media?parent=1910"}],"wp:term":[{"taxonomy":"category","embeddable":true,"href":"https:\/\/elsaconcierge.com\/it\/wp-json\/wp\/v2\/categories?post=1910"},{"taxonomy":"post_tag","embeddable":true,"href":"https:\/\/elsaconcierge.com\/it\/wp-json\/wp\/v2\/tags?post=1910"}],"curies":[{"name":"wp","href":"https:\/\/api.w.org\/{rel}","templated":true}]}}