{"id":1891,"date":"2022-07-15T07:35:06","date_gmt":"2022-07-15T07:35:06","guid":{"rendered":"https:\/\/elsaconcierge.com\/esperienze\/trekking\/"},"modified":"2022-07-28T07:14:58","modified_gmt":"2022-07-28T07:14:58","slug":"trekking","status":"publish","type":"page","link":"https:\/\/elsaconcierge.com\/it\/esperienze\/trekking\/","title":{"rendered":"Trekking"},"content":{"rendered":"<section class=\"l-section wpb_row height_small\"><div class=\"l-section-h i-cf\"><div class=\"g-cols vc_row via_flex valign_top type_default stacking_default\"><div class=\"vc_col-sm-4 wpb_column vc_column_container\"><div class=\"vc_column-inner\"><div class=\"wpb_wrapper\"><div class=\"w-image style_shadow-2 align_none\"><a ref=\"magnificPopup\" href=\"https:\/\/elsaconcierge.com\/wp-content\/uploads\/2022\/07\/people-g55f88ce76_1920.jpg\" aria-label=\"people-g55f88ce76_1920\" class=\"w-image-h\"><div class=\"w-image-shadow\" style=\"background-image:url(https:\/\/elsaconcierge.com\/wp-content\/uploads\/2022\/07\/people-g55f88ce76_1920-1024x683.jpg);\"><\/div><img decoding=\"async\" width=\"1024\" height=\"683\" src=\"https:\/\/elsaconcierge.com\/wp-content\/uploads\/2022\/07\/people-g55f88ce76_1920-1024x683.jpg\" class=\"attachment-large size-large\" alt=\"\" loading=\"lazy\" srcset=\"https:\/\/elsaconcierge.com\/wp-content\/uploads\/2022\/07\/people-g55f88ce76_1920-1024x683.jpg 1024w, https:\/\/elsaconcierge.com\/wp-content\/uploads\/2022\/07\/people-g55f88ce76_1920-600x400.jpg 600w, https:\/\/elsaconcierge.com\/wp-content\/uploads\/2022\/07\/people-g55f88ce76_1920-300x200.jpg 300w, https:\/\/elsaconcierge.com\/wp-content\/uploads\/2022\/07\/people-g55f88ce76_1920.jpg 1920w\" sizes=\"auto, (max-width: 1024px) 100vw, 1024px\" \/><\/a><\/div><\/div><\/div><\/div><div class=\"vc_col-sm-8 wpb_column vc_column_container\"><div class=\"vc_column-inner\"><div class=\"wpb_wrapper\"><div class=\"wpb_text_column\"><div class=\"wpb_wrapper\"><h3>La Sardegna \u00e8 ricca di bellissimi parchi naturali, montagne e costiere.<\/h3>\n<p>Se sei un appassionato di trekking, apprezzerai la grande variet\u00e0 di trekking che la Sardegna ha da offrire.<br \/>\nTante sono le possibilit\u00e0 di trekking perfette da scoprire: dai sentieri di montagna pi\u00f9 lunghi e belli d\u2019Europa ai percorsi di trekking costieri.<\/p>\n<\/div><\/div><\/div><\/div><\/div><\/div><\/div><\/section><section class=\"l-section wpb_row height_small\"><div class=\"l-section-h i-cf\"><div class=\"g-cols vc_row via_flex valign_top type_default stacking_default\"><div class=\"vc_col-sm-8 wpb_column vc_column_container\"><div class=\"vc_column-inner\"><div class=\"wpb_wrapper\"><div class=\"wpb_text_column\"><div class=\"wpb_wrapper\"><h3 style=\"text-align: right;\">Luoghi lontani dal mondo, da esplorare, ammirare e rispettare.<\/h3>\n<p style=\"text-align: right;\">Trekking nelle parti pi\u00f9 segrete e selvagge della Sardegna.<\/p>\n<p style=\"text-align: right;\">Elsa Concierge Luxury Services collabora con le guide di trekking certificate, creeremo itinerari su misura \u00a0in base alle vostre richieste.<\/p>\n<\/div><\/div><\/div><\/div><\/div><div class=\"vc_col-sm-4 wpb_column vc_column_container\"><div class=\"vc_column-inner\"><div class=\"wpb_wrapper\"><div class=\"w-image style_shadow-2 align_none\"><a ref=\"magnificPopup\" href=\"https:\/\/elsaconcierge.com\/wp-content\/uploads\/2022\/07\/sardinia-g8dbda6582_1920.jpg\" aria-label=\"sardinia-g8dbda6582_1920\" class=\"w-image-h\"><div class=\"w-image-shadow\" style=\"background-image:url(https:\/\/elsaconcierge.com\/wp-content\/uploads\/2022\/07\/sardinia-g8dbda6582_1920-1024x768.jpg);\"><\/div><img decoding=\"async\" width=\"1024\" height=\"768\" src=\"https:\/\/elsaconcierge.com\/wp-content\/uploads\/2022\/07\/sardinia-g8dbda6582_1920-1024x768.jpg\" class=\"attachment-large size-large\" alt=\"\" loading=\"lazy\" srcset=\"https:\/\/elsaconcierge.com\/wp-content\/uploads\/2022\/07\/sardinia-g8dbda6582_1920-1024x768.jpg 1024w, https:\/\/elsaconcierge.com\/wp-content\/uploads\/2022\/07\/sardinia-g8dbda6582_1920-600x450.jpg 600w, https:\/\/elsaconcierge.com\/wp-content\/uploads\/2022\/07\/sardinia-g8dbda6582_1920-300x225.jpg 300w, https:\/\/elsaconcierge.com\/wp-content\/uploads\/2022\/07\/sardinia-g8dbda6582_1920.jpg 1920w\" sizes=\"auto, (max-width: 1024px) 100vw, 1024px\" \/><\/a><\/div><\/div><\/div><\/div><\/div><\/div><\/section><section class=\"l-section wpb_row height_small\"><div class=\"l-section-h i-cf\"><div class=\"g-cols vc_row via_flex valign_top type_default stacking_default\"><div class=\"vc_col-sm-12 wpb_column vc_column_container\"><div class=\"vc_column-inner\"><div class=\"wpb_wrapper\"><div class=\"w-actionbox color_primary controls_bottom\"><div class=\"w-actionbox-text\"><h2 class=\"w-actionbox-title\">Info e Prenotazioni<\/h2><div class=\"w-actionbox-description\"><p style=\"text-align: center;\">Ulteriori attivit\u00e0 sono disponibili su richiesta.<\/p>\n<\/div><\/div><div class=\"w-actionbox-controls\"><a class=\"w-btn us-btn-style_1\" title=\"Contatto\" href=\"https:\/\/elsaconcierge.com\/it\/contatto\/\"><span class=\"w-btn-label\">Contattaci<\/span><\/a><\/div><\/div><\/div><\/div><\/div><\/div><\/div><\/section>\n","protected":false},"excerpt":{"rendered":"La Sardegna \u00e8 ricca di bellissimi parchi naturali, montagne e costiere. Se sei un appassionato di trekking, apprezzerai la grande variet\u00e0 di trekking che la Sardegna ha da offrire. Tante sono le possibilit\u00e0 di trekking perfette da scoprire: dai sentieri di montagna pi\u00f9 lunghi e belli d\u2019Europa ai percorsi di trekking costieri. Luoghi lontani dal...","protected":false},"author":3,"featured_media":714,"parent":1874,"menu_order":38,"comment_status":"closed","ping_status":"closed","template":"","meta":{"_acf_changed":false,"footnotes":""},"categories":[72],"tags":[],"class_list":["post-1891","page","type-page","status-publish","has-post-thumbnail","hentry","category-esperienze"],"acf":[],"yoast_head":"<!-- This site is optimized with the Yoast SEO plugin v22.5 - https:\/\/yoast.com\/wordpress\/plugins\/seo\/ -->\n<title>Trekking - ELSA Concierge Services<\/title>\n<meta name=\"robots\" content=\"index, follow, max-snippet:-1, max-image-preview:large, max-video-preview:-1\" \/>\n<link rel=\"canonical\" href=\"https:\/\/elsaconcierge.com\/it\/esperienze\/trekking\/\" \/>\n<meta property=\"og:locale\" content=\"it_IT\" \/>\n<meta property=\"og:type\" content=\"article\" \/>\n<meta property=\"og:title\" content=\"Trekking - ELSA Concierge Services\" \/>\n<meta property=\"og:url\" content=\"https:\/\/elsaconcierge.com\/it\/esperienze\/trekking\/\" \/>\n<meta property=\"og:site_name\" content=\"ELSA Concierge Services\" \/>\n<meta property=\"article:modified_time\" content=\"2022-07-28T07:14:58+00:00\" \/>\n<meta property=\"og:image\" content=\"https:\/\/elsaconcierge.com\/wp-content\/uploads\/2022\/04\/pantaloni-trekking.jpg\" \/>\n\t<meta property=\"og:image:width\" content=\"1080\" \/>\n\t<meta property=\"og:image:height\" content=\"720\" \/>\n\t<meta property=\"og:image:type\" content=\"image\/jpeg\" \/>\n<meta name=\"twitter:card\" content=\"summary_large_image\" \/>\n<meta name=\"twitter:label1\" content=\"Tempo di lettura stimato\" \/>\n\t<meta name=\"twitter:data1\" content=\"1 minuto\" \/>\n<script type=\"application\/ld+json\" class=\"yoast-schema-graph\">{\"@context\":\"https:\/\/schema.org\",\"@graph\":[{\"@type\":\"WebPage\",\"@id\":\"https:\/\/elsaconcierge.com\/it\/esperienze\/trekking\/\",\"url\":\"https:\/\/elsaconcierge.com\/it\/esperienze\/trekking\/\",\"name\":\"Trekking - ELSA Concierge Services\",\"isPartOf\":{\"@id\":\"https:\/\/elsaconcierge.com\/#website\"},\"primaryImageOfPage\":{\"@id\":\"https:\/\/elsaconcierge.com\/it\/esperienze\/trekking\/#primaryimage\"},\"image\":{\"@id\":\"https:\/\/elsaconcierge.com\/it\/esperienze\/trekking\/#primaryimage\"},\"thumbnailUrl\":\"https:\/\/elsaconcierge.com\/wp-content\/uploads\/2022\/04\/pantaloni-trekking.jpg\",\"datePublished\":\"2022-07-15T07:35:06+00:00\",\"dateModified\":\"2022-07-28T07:14:58+00:00\",\"breadcrumb\":{\"@id\":\"https:\/\/elsaconcierge.com\/it\/esperienze\/trekking\/#breadcrumb\"},\"inLanguage\":\"it-IT\",\"potentialAction\":[{\"@type\":\"ReadAction\",\"target\":[\"https:\/\/elsaconcierge.com\/it\/esperienze\/trekking\/\"]}]},{\"@type\":\"ImageObject\",\"inLanguage\":\"it-IT\",\"@id\":\"https:\/\/elsaconcierge.com\/it\/esperienze\/trekking\/#primaryimage\",\"url\":\"https:\/\/elsaconcierge.com\/wp-content\/uploads\/2022\/04\/pantaloni-trekking.jpg\",\"contentUrl\":\"https:\/\/elsaconcierge.com\/wp-content\/uploads\/2022\/04\/pantaloni-trekking.jpg\",\"width\":1080,\"height\":720},{\"@type\":\"BreadcrumbList\",\"@id\":\"https:\/\/elsaconcierge.com\/it\/esperienze\/trekking\/#breadcrumb\",\"itemListElement\":[{\"@type\":\"ListItem\",\"position\":1,\"name\":\"Home\",\"item\":\"https:\/\/elsaconcierge.com\/it\/\"},{\"@type\":\"ListItem\",\"position\":2,\"name\":\"Esperienze\",\"item\":\"https:\/\/elsaconcierge.com\/it\/esperienze\/\"},{\"@type\":\"ListItem\",\"position\":3,\"name\":\"Trekking\"}]},{\"@type\":\"WebSite\",\"@id\":\"https:\/\/elsaconcierge.com\/#website\",\"url\":\"https:\/\/elsaconcierge.com\/\",\"name\":\"ELSA Concierge Services\",\"description\":\"\",\"publisher\":{\"@id\":\"https:\/\/elsaconcierge.com\/#organization\"},\"potentialAction\":[{\"@type\":\"SearchAction\",\"target\":{\"@type\":\"EntryPoint\",\"urlTemplate\":\"https:\/\/elsaconcierge.com\/?s={search_term_string}\"},\"query-input\":\"required name=search_term_string\"}],\"inLanguage\":\"it-IT\"},{\"@type\":\"Organization\",\"@id\":\"https:\/\/elsaconcierge.com\/#organization\",\"name\":\"ELSA Concierge Services\",\"url\":\"https:\/\/elsaconcierge.com\/\",\"logo\":{\"@type\":\"ImageObject\",\"inLanguage\":\"it-IT\",\"@id\":\"https:\/\/elsaconcierge.com\/#\/schema\/logo\/image\/\",\"url\":\"https:\/\/elsaconcierge.com\/wp-content\/uploads\/2022\/04\/logo-elsa-copia.png\",\"contentUrl\":\"https:\/\/elsaconcierge.com\/wp-content\/uploads\/2022\/04\/logo-elsa-copia.png\",\"width\":278,\"height\":268,\"caption\":\"ELSA Concierge Services\"},\"image\":{\"@id\":\"https:\/\/elsaconcierge.com\/#\/schema\/logo\/image\/\"}}]}<\/script>\n<!-- \/ Yoast SEO plugin. -->","yoast_head_json":{"title":"Trekking - ELSA Concierge Services","robots":{"index":"index","follow":"follow","max-snippet":"max-snippet:-1","max-image-preview":"max-image-preview:large","max-video-preview":"max-video-preview:-1"},"canonical":"https:\/\/elsaconcierge.com\/it\/esperienze\/trekking\/","og_locale":"it_IT","og_type":"article","og_title":"Trekking - ELSA Concierge Services","og_url":"https:\/\/elsaconcierge.com\/it\/esperienze\/trekking\/","og_site_name":"ELSA Concierge Services","article_modified_time":"2022-07-28T07:14:58+00:00","og_image":[{"width":1080,"height":720,"url":"https:\/\/elsaconcierge.com\/wp-content\/uploads\/2022\/04\/pantaloni-trekking.jpg","type":"image\/jpeg"}],"twitter_card":"summary_large_image","twitter_misc":{"Tempo di lettura stimato":"1 minuto"},"schema":{"@context":"https:\/\/schema.org","@graph":[{"@type":"WebPage","@id":"https:\/\/elsaconcierge.com\/it\/esperienze\/trekking\/","url":"https:\/\/elsaconcierge.com\/it\/esperienze\/trekking\/","name":"Trekking - ELSA Concierge Services","isPartOf":{"@id":"https:\/\/elsaconcierge.com\/#website"},"primaryImageOfPage":{"@id":"https:\/\/elsaconcierge.com\/it\/esperienze\/trekking\/#primaryimage"},"image":{"@id":"https:\/\/elsaconcierge.com\/it\/esperienze\/trekking\/#primaryimage"},"thumbnailUrl":"https:\/\/elsaconcierge.com\/wp-content\/uploads\/2022\/04\/pantaloni-trekking.jpg","datePublished":"2022-07-15T07:35:06+00:00","dateModified":"2022-07-28T07:14:58+00:00","breadcrumb":{"@id":"https:\/\/elsaconcierge.com\/it\/esperienze\/trekking\/#breadcrumb"},"inLanguage":"it-IT","potentialAction":[{"@type":"ReadAction","target":["https:\/\/elsaconcierge.com\/it\/esperienze\/trekking\/"]}]},{"@type":"ImageObject","inLanguage":"it-IT","@id":"https:\/\/elsaconcierge.com\/it\/esperienze\/trekking\/#primaryimage","url":"https:\/\/elsaconcierge.com\/wp-content\/uploads\/2022\/04\/pantaloni-trekking.jpg","contentUrl":"https:\/\/elsaconcierge.com\/wp-content\/uploads\/2022\/04\/pantaloni-trekking.jpg","width":1080,"height":720},{"@type":"BreadcrumbList","@id":"https:\/\/elsaconcierge.com\/it\/esperienze\/trekking\/#breadcrumb","itemListElement":[{"@type":"ListItem","position":1,"name":"Home","item":"https:\/\/elsaconcierge.com\/it\/"},{"@type":"ListItem","position":2,"name":"Esperienze","item":"https:\/\/elsaconcierge.com\/it\/esperienze\/"},{"@type":"ListItem","position":3,"name":"Trekking"}]},{"@type":"WebSite","@id":"https:\/\/elsaconcierge.com\/#website","url":"https:\/\/elsaconcierge.com\/","name":"ELSA Concierge Services","description":"","publisher":{"@id":"https:\/\/elsaconcierge.com\/#organization"},"potentialAction":[{"@type":"SearchAction","target":{"@type":"EntryPoint","urlTemplate":"https:\/\/elsaconcierge.com\/?s={search_term_string}"},"query-input":"required name=search_term_string"}],"inLanguage":"it-IT"},{"@type":"Organization","@id":"https:\/\/elsaconcierge.com\/#organization","name":"ELSA Concierge Services","url":"https:\/\/elsaconcierge.com\/","logo":{"@type":"ImageObject","inLanguage":"it-IT","@id":"https:\/\/elsaconcierge.com\/#\/schema\/logo\/image\/","url":"https:\/\/elsaconcierge.com\/wp-content\/uploads\/2022\/04\/logo-elsa-copia.png","contentUrl":"https:\/\/elsaconcierge.com\/wp-content\/uploads\/2022\/04\/logo-elsa-copia.png","width":278,"height":268,"caption":"ELSA Concierge Services"},"image":{"@id":"https:\/\/elsaconcierge.com\/#\/schema\/logo\/image\/"}}]}},"_links":{"self":[{"href":"https:\/\/elsaconcierge.com\/it\/wp-json\/wp\/v2\/pages\/1891","targetHints":{"allow":["GET"]}}],"collection":[{"href":"https:\/\/elsaconcierge.com\/it\/wp-json\/wp\/v2\/pages"}],"about":[{"href":"https:\/\/elsaconcierge.com\/it\/wp-json\/wp\/v2\/types\/page"}],"author":[{"embeddable":true,"href":"https:\/\/elsaconcierge.com\/it\/wp-json\/wp\/v2\/users\/3"}],"replies":[{"embeddable":true,"href":"https:\/\/elsaconcierge.com\/it\/wp-json\/wp\/v2\/comments?post=1891"}],"version-history":[{"count":4,"href":"https:\/\/elsaconcierge.com\/it\/wp-json\/wp\/v2\/pages\/1891\/revisions"}],"predecessor-version":[{"id":2500,"href":"https:\/\/elsaconcierge.com\/it\/wp-json\/wp\/v2\/pages\/1891\/revisions\/2500"}],"up":[{"embeddable":true,"href":"https:\/\/elsaconcierge.com\/it\/wp-json\/wp\/v2\/pages\/1874"}],"wp:featuredmedia":[{"embeddable":true,"href":"https:\/\/elsaconcierge.com\/it\/wp-json\/wp\/v2\/media\/714"}],"wp:attachment":[{"href":"https:\/\/elsaconcierge.com\/it\/wp-json\/wp\/v2\/media?parent=1891"}],"wp:term":[{"taxonomy":"category","embeddable":true,"href":"https:\/\/elsaconcierge.com\/it\/wp-json\/wp\/v2\/categories?post=1891"},{"taxonomy":"post_tag","embeddable":true,"href":"https:\/\/elsaconcierge.com\/it\/wp-json\/wp\/v2\/tags?post=1891"}],"curies":[{"name":"wp","href":"https:\/\/api.w.org\/{rel}","templated":true}]}}