{"id":1820,"date":"2022-07-14T15:24:04","date_gmt":"2022-07-14T15:24:04","guid":{"rendered":"https:\/\/elsaconcierge.com\/eventi\/feste-private\/"},"modified":"2022-07-14T15:24:04","modified_gmt":"2022-07-14T15:24:04","slug":"feste-private","status":"publish","type":"page","link":"https:\/\/elsaconcierge.com\/it\/eventi\/feste-private\/","title":{"rendered":"Feste Private"},"content":{"rendered":"<section class=\"l-section wpb_row height_small\"><div class=\"l-section-h i-cf\"><div class=\"g-cols vc_row via_flex valign_top type_default stacking_default\"><div class=\"vc_col-sm-12 wpb_column vc_column_container\"><div class=\"vc_column-inner\"><div class=\"wpb_wrapper\"><\/div><\/div><\/div><\/div><\/div><\/section><section class=\"l-section wpb_row height_small\"><div class=\"l-section-h i-cf\"><div class=\"g-cols vc_row via_flex valign_middle type_default stacking_default\"><div class=\"vc_col-sm-4 wpb_column vc_column_container\"><div class=\"vc_column-inner\"><div class=\"wpb_wrapper\"><div class=\"w-image style_shadow-2 align_none\"><div class=\"w-image-h\"><div class=\"w-image-shadow\" style=\"background-image:url(https:\/\/elsaconcierge.com\/wp-content\/uploads\/2022\/06\/8-1024x603.jpg);\"><\/div><img decoding=\"async\" width=\"1024\" height=\"603\" src=\"https:\/\/elsaconcierge.com\/wp-content\/uploads\/2022\/06\/8-1024x603.jpg\" class=\"attachment-large size-large\" alt=\"\" loading=\"lazy\" srcset=\"https:\/\/elsaconcierge.com\/wp-content\/uploads\/2022\/06\/8-1024x603.jpg 1024w, https:\/\/elsaconcierge.com\/wp-content\/uploads\/2022\/06\/8-600x353.jpg 600w, https:\/\/elsaconcierge.com\/wp-content\/uploads\/2022\/06\/8-300x177.jpg 300w, https:\/\/elsaconcierge.com\/wp-content\/uploads\/2022\/06\/8.jpg 1125w\" sizes=\"auto, (max-width: 1024px) 100vw, 1024px\" \/><\/div><\/div><\/div><\/div><\/div><div class=\"vc_col-sm-8 wpb_column vc_column_container\"><div class=\"vc_column-inner\"><div class=\"wpb_wrapper\"><div class=\"wpb_text_column\"><div class=\"wpb_wrapper\"><h4>La tua festa unica come non l&#8217;avevi mai immaginata.<\/h4>\n<p>Organizzare feste private esclusive \u00e8 ci\u00f2 che serve per dar vita ad un appuntamento indimenticabile e costruire cos\u00ec ricordi che rimarranno per sempre. La tua festa unica come non l\u2019avessi mai immaginata.<\/p>\n<p>Se avete un evento speciale e lo desiderate festeggiare, ci pensiamo noi a renderlo magico.<\/p>\n<p>&nbsp;<\/p>\n<\/div><\/div><\/div><\/div><\/div><\/div><\/div><\/section><section class=\"l-section wpb_row height_small color_alternate\"><div class=\"l-section-h i-cf\"><div class=\"g-cols vc_row via_flex valign_middle type_default stacking_default\"><div class=\"vc_col-sm-8 wpb_column vc_column_container\"><div class=\"vc_column-inner\"><div class=\"wpb_wrapper\"><div class=\"wpb_text_column\"><div class=\"wpb_wrapper\"><h4 style=\"text-align: right;\">Sapremo esaudire ogni tuo desiderio.<\/h4>\n<p style=\"text-align: right;\">Agenzia <strong>Elsa Concierge <\/strong>organizza eventi privati ed aziendali curando ogni minimo dettaglio.<\/p>\n<p style=\"text-align: right;\">Sapremo dare forma alle vostre idee utilizzando ispirazioni originali e concept all&#8217;avanguardia.<br \/>\nRendiamo speciale il vostro evento privato offrendo un servizio professionale e soddisfacente.<br \/>\nIl nostro obiettivo \u00e8 regalarvi emozioni uniche e ricordi che restano nel cuore.<\/p>\n<p style=\"text-align: right;\">\n<\/div><\/div><\/div><\/div><\/div><div class=\"vc_col-sm-4 wpb_column vc_column_container\"><div class=\"vc_column-inner\"><div class=\"wpb_wrapper\"><div class=\"w-image style_shadow-2 has_ratio align_none\"><div class=\"w-image-h\"><div style=\"padding-bottom:100%\"><\/div><div class=\"w-image-shadow\" style=\"background-image:url(https:\/\/elsaconcierge.com\/wp-content\/uploads\/2022\/06\/2-1024x552.jpg);\"><\/div><img decoding=\"async\" width=\"1024\" height=\"552\" src=\"https:\/\/elsaconcierge.com\/wp-content\/uploads\/2022\/06\/2-1024x552.jpg\" class=\"attachment-large size-large\" alt=\"\" loading=\"lazy\" srcset=\"https:\/\/elsaconcierge.com\/wp-content\/uploads\/2022\/06\/2-1024x552.jpg 1024w, https:\/\/elsaconcierge.com\/wp-content\/uploads\/2022\/06\/2-600x323.jpg 600w, https:\/\/elsaconcierge.com\/wp-content\/uploads\/2022\/06\/2-300x162.jpg 300w, https:\/\/elsaconcierge.com\/wp-content\/uploads\/2022\/06\/2.jpg 1167w\" sizes=\"auto, (max-width: 1024px) 100vw, 1024px\" \/><\/div><\/div><\/div><\/div><\/div><\/div><\/div><\/section><section class=\"l-section wpb_row height_small\"><div class=\"l-section-h i-cf\"><div class=\"g-cols vc_row via_flex valign_middle type_default stacking_default\"><div class=\"vc_col-sm-6 wpb_column vc_column_container\"><div class=\"vc_column-inner\"><div class=\"wpb_wrapper\"><div class=\"wpb_text_column\"><div class=\"wpb_wrapper\"><h4><em>Immaginate di brindare al tintinnio dei fl\u00fbte, mentre ammirate i magnifici e coloratissimi fuochi d\u2019artificio!<\/em><\/h4>\n<\/div><\/div><\/div><\/div><\/div><div class=\"vc_col-sm-6 wpb_column vc_column_container\"><div class=\"vc_column-inner\"><div class=\"wpb_wrapper\"><div class=\"wpb_text_column\"><div class=\"wpb_wrapper\"><ul>\n<li>Anniversario<\/li>\n<li>Compleanno<\/li>\n<li>Feste e meeting aziendali<\/li>\n<li>Fidanzamento<\/li>\n<li>Addio al Nubilato<\/li>\n<\/ul>\n<\/div><\/div><\/div><\/div><\/div><\/div><\/div><\/section><section class=\"l-section wpb_row height_small\"><div class=\"l-section-h i-cf\"><div class=\"g-cols vc_row via_flex valign_top type_default stacking_default\"><div class=\"vc_col-sm-12 wpb_column vc_column_container\"><div class=\"vc_column-inner\"><div class=\"wpb_wrapper\"><div class=\"wpb_text_column\"><div class=\"wpb_wrapper\"><h4><em>Galleria<\/em><\/h4>\n<\/div><\/div><div class=\"w-grid type_carousel layout_gallery_default cols_6\" id=\"us_grid_1\" style=\"--gap:0.5rem;\"><style>.layout_gallery_default .w-grid-item-h{}<\/style><div class=\"w-grid-list owl-carousel navstyle_circle navpos_outside with_dots\">\t<article class=\"w-grid-item post-1817 attachment type-attachment status-inherit hentry\" data-id=\"1817\">\r\n\t\t<div class=\"w-grid-item-h\">\r\n\t\t\t\t\t\t\t<a ref=\"magnificPopupGrid\" href=\"https:\/\/elsaconcierge.com\/wp-content\/uploads\/2022\/07\/IMG_2257.jpg\" class=\"w-grid-item-anchor\" aria-label=\"IMG_2257\" title=\"IMG_2257\"><\/a>\r\n\t\t\t\t\t\t<div class=\"w-post-elm post_image usg_post_image_1 stretched\"><img loading=\"lazy\" decoding=\"async\" width=\"150\" height=\"150\" src=\"https:\/\/elsaconcierge.com\/wp-content\/uploads\/2022\/07\/IMG_2257-150x150.jpg\" class=\"attachment-thumbnail size-thumbnail\" alt=\"\" srcset=\"https:\/\/elsaconcierge.com\/wp-content\/uploads\/2022\/07\/IMG_2257-150x150.jpg 150w, https:\/\/elsaconcierge.com\/wp-content\/uploads\/2022\/07\/IMG_2257-300x300.jpg 300w, https:\/\/elsaconcierge.com\/wp-content\/uploads\/2022\/07\/IMG_2257-600x600.jpg 600w\" sizes=\"auto, (max-width: 150px) 100vw, 150px\" \/><\/div>\t\t<\/div>\r\n\t\t\t<\/article>\r\n\t<article class=\"w-grid-item post-1811 attachment type-attachment status-inherit hentry\" data-id=\"1811\">\r\n\t\t<div class=\"w-grid-item-h\">\r\n\t\t\t\t\t\t\t<a ref=\"magnificPopupGrid\" href=\"https:\/\/elsaconcierge.com\/wp-content\/uploads\/2022\/07\/IMG_2245.jpg\" class=\"w-grid-item-anchor\" aria-label=\"IMG_2245\" title=\"IMG_2245\"><\/a>\r\n\t\t\t\t\t\t<div class=\"w-post-elm post_image usg_post_image_1 stretched\"><img loading=\"lazy\" decoding=\"async\" width=\"150\" height=\"150\" src=\"https:\/\/elsaconcierge.com\/wp-content\/uploads\/2022\/07\/IMG_2245-150x150.jpg\" class=\"attachment-thumbnail size-thumbnail\" alt=\"\" srcset=\"https:\/\/elsaconcierge.com\/wp-content\/uploads\/2022\/07\/IMG_2245-150x150.jpg 150w, https:\/\/elsaconcierge.com\/wp-content\/uploads\/2022\/07\/IMG_2245-300x300.jpg 300w, https:\/\/elsaconcierge.com\/wp-content\/uploads\/2022\/07\/IMG_2245-600x600.jpg 600w\" sizes=\"auto, (max-width: 150px) 100vw, 150px\" \/><\/div>\t\t<\/div>\r\n\t\t\t<\/article>\r\n\t<article class=\"w-grid-item post-1802 attachment type-attachment status-inherit hentry\" data-id=\"1802\">\r\n\t\t<div class=\"w-grid-item-h\">\r\n\t\t\t\t\t\t\t<a ref=\"magnificPopupGrid\" href=\"https:\/\/elsaconcierge.com\/wp-content\/uploads\/2022\/07\/IMG_2195.jpg\" class=\"w-grid-item-anchor\" aria-label=\"IMG_2195\" title=\"IMG_2195\"><\/a>\r\n\t\t\t\t\t\t<div class=\"w-post-elm post_image usg_post_image_1 stretched\"><img loading=\"lazy\" decoding=\"async\" width=\"150\" height=\"150\" src=\"https:\/\/elsaconcierge.com\/wp-content\/uploads\/2022\/07\/IMG_2195-150x150.jpg\" class=\"attachment-thumbnail size-thumbnail\" alt=\"\" srcset=\"https:\/\/elsaconcierge.com\/wp-content\/uploads\/2022\/07\/IMG_2195-150x150.jpg 150w, https:\/\/elsaconcierge.com\/wp-content\/uploads\/2022\/07\/IMG_2195-300x300.jpg 300w\" sizes=\"auto, (max-width: 150px) 100vw, 150px\" \/><\/div>\t\t<\/div>\r\n\t\t\t<\/article>\r\n\t<article class=\"w-grid-item post-1799 attachment type-attachment status-inherit hentry\" data-id=\"1799\">\r\n\t\t<div class=\"w-grid-item-h\">\r\n\t\t\t\t\t\t\t<a ref=\"magnificPopupGrid\" href=\"https:\/\/elsaconcierge.com\/wp-content\/uploads\/2022\/07\/IMG_2192.jpg\" class=\"w-grid-item-anchor\" aria-label=\"IMG_2192\" title=\"Private Parties\"><\/a>\r\n\t\t\t\t\t\t<div class=\"w-post-elm post_image usg_post_image_1 stretched\"><img loading=\"lazy\" decoding=\"async\" width=\"150\" height=\"150\" src=\"https:\/\/elsaconcierge.com\/wp-content\/uploads\/2022\/07\/IMG_2192-150x150.jpg\" class=\"attachment-thumbnail size-thumbnail\" alt=\"Private Parties\" srcset=\"https:\/\/elsaconcierge.com\/wp-content\/uploads\/2022\/07\/IMG_2192-150x150.jpg 150w, https:\/\/elsaconcierge.com\/wp-content\/uploads\/2022\/07\/IMG_2192-300x300.jpg 300w, https:\/\/elsaconcierge.com\/wp-content\/uploads\/2022\/07\/IMG_2192-600x600.jpg 600w\" sizes=\"auto, (max-width: 150px) 100vw, 150px\" \/><\/div>\t\t<\/div>\r\n\t\t\t<\/article>\r\n\t<article class=\"w-grid-item post-1796 attachment type-attachment status-inherit hentry\" data-id=\"1796\">\r\n\t\t<div class=\"w-grid-item-h\">\r\n\t\t\t\t\t\t\t<a ref=\"magnificPopupGrid\" href=\"https:\/\/elsaconcierge.com\/wp-content\/uploads\/2022\/07\/9.jpg\" class=\"w-grid-item-anchor\" aria-label=\"9\" title=\"9\"><\/a>\r\n\t\t\t\t\t\t<div class=\"w-post-elm post_image usg_post_image_1 stretched\"><img loading=\"lazy\" decoding=\"async\" width=\"150\" height=\"150\" src=\"https:\/\/elsaconcierge.com\/wp-content\/uploads\/2022\/07\/9-150x150.jpg\" class=\"attachment-thumbnail size-thumbnail\" alt=\"\" srcset=\"https:\/\/elsaconcierge.com\/wp-content\/uploads\/2022\/07\/9-150x150.jpg 150w, https:\/\/elsaconcierge.com\/wp-content\/uploads\/2022\/07\/9-300x300.jpg 300w, https:\/\/elsaconcierge.com\/wp-content\/uploads\/2022\/07\/9-600x600.jpg 600w\" sizes=\"auto, (max-width: 150px) 100vw, 150px\" \/><\/div>\t\t<\/div>\r\n\t\t\t<\/article>\r\n\t<article class=\"w-grid-item post-1793 attachment type-attachment status-inherit hentry\" data-id=\"1793\">\r\n\t\t<div class=\"w-grid-item-h\">\r\n\t\t\t\t\t\t\t<a ref=\"magnificPopupGrid\" href=\"https:\/\/elsaconcierge.com\/wp-content\/uploads\/2022\/07\/8.jpg\" class=\"w-grid-item-anchor\" aria-label=\"8\" title=\"8\"><\/a>\r\n\t\t\t\t\t\t<div class=\"w-post-elm post_image usg_post_image_1 stretched\"><img loading=\"lazy\" decoding=\"async\" width=\"150\" height=\"150\" src=\"https:\/\/elsaconcierge.com\/wp-content\/uploads\/2022\/07\/8-150x150.jpg\" class=\"attachment-thumbnail size-thumbnail\" alt=\"\" srcset=\"https:\/\/elsaconcierge.com\/wp-content\/uploads\/2022\/07\/8-150x150.jpg 150w, https:\/\/elsaconcierge.com\/wp-content\/uploads\/2022\/07\/8-300x300.jpg 300w, https:\/\/elsaconcierge.com\/wp-content\/uploads\/2022\/07\/8-600x600.jpg 600w\" sizes=\"auto, (max-width: 150px) 100vw, 150px\" \/><\/div>\t\t<\/div>\r\n\t\t\t<\/article>\r\n\t<article class=\"w-grid-item post-1784 attachment type-attachment status-inherit hentry\" data-id=\"1784\">\r\n\t\t<div class=\"w-grid-item-h\">\r\n\t\t\t\t\t\t\t<a ref=\"magnificPopupGrid\" href=\"https:\/\/elsaconcierge.com\/wp-content\/uploads\/2022\/07\/5-1.jpg\" class=\"w-grid-item-anchor\" aria-label=\"5\" title=\"5\"><\/a>\r\n\t\t\t\t\t\t<div class=\"w-post-elm post_image usg_post_image_1 stretched\"><img loading=\"lazy\" decoding=\"async\" width=\"150\" height=\"150\" src=\"https:\/\/elsaconcierge.com\/wp-content\/uploads\/2022\/07\/5-1-150x150.jpg\" class=\"attachment-thumbnail size-thumbnail\" alt=\"\" srcset=\"https:\/\/elsaconcierge.com\/wp-content\/uploads\/2022\/07\/5-1-150x150.jpg 150w, https:\/\/elsaconcierge.com\/wp-content\/uploads\/2022\/07\/5-1-300x300.jpg 300w\" sizes=\"auto, (max-width: 150px) 100vw, 150px\" \/><\/div>\t\t<\/div>\r\n\t\t\t<\/article>\r\n<\/div>\t<div class=\"g-preloader type_1\">\r\n\t\t<div><\/div>\r\n\t<\/div>\r\n\t\t<div class=\"w-grid-json hidden\" onclick='return {&quot;action&quot;:&quot;us_ajax_grid&quot;,&quot;infinite_scroll&quot;:0,&quot;max_num_pages&quot;:1,&quot;pagination&quot;:&quot;none&quot;,&quot;template_vars&quot;:{&quot;columns&quot;:&quot;6&quot;,&quot;exclude_items&quot;:&quot;none&quot;,&quot;img_size&quot;:&quot;thumbnail&quot;,&quot;ignore_items_size&quot;:0,&quot;items_layout&quot;:&quot;gallery_default&quot;,&quot;items_offset&quot;:&quot;1&quot;,&quot;load_animation&quot;:&quot;none&quot;,&quot;overriding_link&quot;:&quot;%7B%22type%22%3A%22popup_image%22%7D&quot;,&quot;post_id&quot;:0,&quot;query_args&quot;:{&quot;post_type&quot;:[&quot;attachment&quot;],&quot;post__in&quot;:[&quot;1783&quot;,&quot;1792&quot;,&quot;1795&quot;,&quot;1798&quot;,&quot;1801&quot;,&quot;1810&quot;,&quot;1816&quot;],&quot;post_status&quot;:&quot;inherit&quot;,&quot;post_mime_type&quot;:&quot;image&quot;,&quot;posts_per_page&quot;:999},&quot;orderby_query_args&quot;:{&quot;orderby&quot;:{&quot;date&quot;:&quot;DESC&quot;}},&quot;type&quot;:&quot;carousel&quot;,&quot;us_grid_ajax_index&quot;:1,&quot;us_grid_filter_params&quot;:[],&quot;us_grid_index&quot;:1,&quot;_us_grid_post_type&quot;:&quot;attachment&quot;,&quot;page_args&quot;:[],&quot;lang&quot;:&quot;it&quot;},&quot;carousel_settings&quot;:{&quot;autoHeight&quot;:0,&quot;autoplay&quot;:1,&quot;carousel_fade&quot;:0,&quot;center&quot;:0,&quot;dots&quot;:1,&quot;items&quot;:&quot;6&quot;,&quot;loop&quot;:true,&quot;nav&quot;:0,&quot;slideby&quot;:&quot;1&quot;,&quot;smooth_play&quot;:1,&quot;speed&quot;:250,&quot;timeout&quot;:3000,&quot;transition&quot;:&quot;&quot;,&quot;aria_labels&quot;:{&quot;prev&quot;:&quot;Precedente&quot;,&quot;next&quot;:&quot;Prossimo&quot;}},&quot;carousel_breakpoints&quot;:{&quot;0&quot;:{&quot;autoHeight&quot;:0,&quot;autoplay&quot;:1,&quot;autoplayHoverPause&quot;:1,&quot;items&quot;:1,&quot;loop&quot;:true,&quot;stagePadding&quot;:0},&quot;601&quot;:{&quot;autoHeight&quot;:0,&quot;autoplay&quot;:1,&quot;autoplayHoverPause&quot;:1,&quot;items&quot;:2,&quot;loop&quot;:true,&quot;stagePadding&quot;:0},&quot;1025&quot;:{&quot;autoHeight&quot;:0,&quot;autoplay&quot;:1,&quot;autoplayHoverPause&quot;:1,&quot;items&quot;:3,&quot;loop&quot;:true,&quot;stagePadding&quot;:0},&quot;1281&quot;:{&quot;items&quot;:6,&quot;stagePadding&quot;:0}}}'><\/div>\r\n\t<\/div><\/div><\/div><\/div><\/div><\/div><\/section><section class=\"l-section wpb_row height_small\"><div class=\"l-section-h i-cf\"><div class=\"g-cols vc_row via_flex valign_top type_default stacking_default\"><div class=\"vc_col-sm-12 wpb_column vc_column_container\"><div class=\"vc_column-inner\"><div class=\"wpb_wrapper\"><div class=\"w-actionbox color_primary controls_bottom\"><div class=\"w-actionbox-text\"><h2 class=\"w-actionbox-title\">Desideri organizzare una festa privata?<\/h2><div class=\"w-actionbox-description\"><p style=\"text-align: center;\">Rendiamo speciale il tuo evento privato offrendo un servizio professionale e soddisfacente.<\/p>\n<\/div><\/div><div class=\"w-actionbox-controls\"><a class=\"w-btn us-btn-style_1\" title=\"Contatto\" href=\"https:\/\/elsaconcierge.com\/contact\/\"><span class=\"w-btn-label\">Contattaci<\/span><\/a><\/div><\/div><\/div><\/div><\/div><\/div><\/div><\/section>\n","protected":false},"excerpt":{"rendered":"","protected":false},"author":1,"featured_media":795,"parent":1675,"menu_order":19,"comment_status":"closed","ping_status":"closed","template":"","meta":{"_acf_changed":false,"footnotes":""},"categories":[70],"tags":[],"class_list":["post-1820","page","type-page","status-publish","has-post-thumbnail","hentry","category-eventi"],"acf":[],"yoast_head":"<!-- This site is optimized with the Yoast SEO plugin v22.5 - https:\/\/yoast.com\/wordpress\/plugins\/seo\/ -->\n<title>Feste Private - ELSA Concierge Services<\/title>\n<meta name=\"robots\" content=\"index, follow, max-snippet:-1, max-image-preview:large, max-video-preview:-1\" \/>\n<link rel=\"canonical\" href=\"https:\/\/elsaconcierge.com\/it\/eventi\/feste-private\/\" \/>\n<meta property=\"og:locale\" content=\"it_IT\" \/>\n<meta property=\"og:type\" content=\"article\" \/>\n<meta property=\"og:title\" content=\"Feste Private - ELSA Concierge Services\" \/>\n<meta property=\"og:url\" content=\"https:\/\/elsaconcierge.com\/it\/eventi\/feste-private\/\" \/>\n<meta property=\"og:site_name\" content=\"ELSA Concierge Services\" \/>\n<meta property=\"og:image\" content=\"https:\/\/elsaconcierge.com\/wp-content\/uploads\/2022\/04\/dancing-friends-picture-id501387734.jpg\" \/>\n\t<meta property=\"og:image:width\" content=\"612\" \/>\n\t<meta property=\"og:image:height\" content=\"408\" \/>\n\t<meta property=\"og:image:type\" content=\"image\/jpeg\" \/>\n<meta name=\"twitter:card\" content=\"summary_large_image\" \/>\n<meta name=\"twitter:label1\" content=\"Tempo di lettura stimato\" \/>\n\t<meta name=\"twitter:data1\" content=\"2 minuti\" \/>\n<script type=\"application\/ld+json\" class=\"yoast-schema-graph\">{\"@context\":\"https:\/\/schema.org\",\"@graph\":[{\"@type\":\"WebPage\",\"@id\":\"https:\/\/elsaconcierge.com\/it\/eventi\/feste-private\/\",\"url\":\"https:\/\/elsaconcierge.com\/it\/eventi\/feste-private\/\",\"name\":\"Feste Private - ELSA Concierge Services\",\"isPartOf\":{\"@id\":\"https:\/\/elsaconcierge.com\/#website\"},\"primaryImageOfPage\":{\"@id\":\"https:\/\/elsaconcierge.com\/it\/eventi\/feste-private\/#primaryimage\"},\"image\":{\"@id\":\"https:\/\/elsaconcierge.com\/it\/eventi\/feste-private\/#primaryimage\"},\"thumbnailUrl\":\"https:\/\/elsaconcierge.com\/wp-content\/uploads\/2022\/04\/dancing-friends-picture-id501387734.jpg\",\"datePublished\":\"2022-07-14T15:24:04+00:00\",\"dateModified\":\"2022-07-14T15:24:04+00:00\",\"breadcrumb\":{\"@id\":\"https:\/\/elsaconcierge.com\/it\/eventi\/feste-private\/#breadcrumb\"},\"inLanguage\":\"it-IT\",\"potentialAction\":[{\"@type\":\"ReadAction\",\"target\":[\"https:\/\/elsaconcierge.com\/it\/eventi\/feste-private\/\"]}]},{\"@type\":\"ImageObject\",\"inLanguage\":\"it-IT\",\"@id\":\"https:\/\/elsaconcierge.com\/it\/eventi\/feste-private\/#primaryimage\",\"url\":\"https:\/\/elsaconcierge.com\/wp-content\/uploads\/2022\/04\/dancing-friends-picture-id501387734.jpg\",\"contentUrl\":\"https:\/\/elsaconcierge.com\/wp-content\/uploads\/2022\/04\/dancing-friends-picture-id501387734.jpg\",\"width\":612,\"height\":408,\"caption\":\"Young people dancing in night club\"},{\"@type\":\"BreadcrumbList\",\"@id\":\"https:\/\/elsaconcierge.com\/it\/eventi\/feste-private\/#breadcrumb\",\"itemListElement\":[{\"@type\":\"ListItem\",\"position\":1,\"name\":\"Home\",\"item\":\"https:\/\/elsaconcierge.com\/it\/\"},{\"@type\":\"ListItem\",\"position\":2,\"name\":\"Eventi\",\"item\":\"https:\/\/elsaconcierge.com\/it\/eventi\/\"},{\"@type\":\"ListItem\",\"position\":3,\"name\":\"Feste Private\"}]},{\"@type\":\"WebSite\",\"@id\":\"https:\/\/elsaconcierge.com\/#website\",\"url\":\"https:\/\/elsaconcierge.com\/\",\"name\":\"ELSA Concierge Services\",\"description\":\"\",\"publisher\":{\"@id\":\"https:\/\/elsaconcierge.com\/#organization\"},\"potentialAction\":[{\"@type\":\"SearchAction\",\"target\":{\"@type\":\"EntryPoint\",\"urlTemplate\":\"https:\/\/elsaconcierge.com\/?s={search_term_string}\"},\"query-input\":\"required name=search_term_string\"}],\"inLanguage\":\"it-IT\"},{\"@type\":\"Organization\",\"@id\":\"https:\/\/elsaconcierge.com\/#organization\",\"name\":\"ELSA Concierge Services\",\"url\":\"https:\/\/elsaconcierge.com\/\",\"logo\":{\"@type\":\"ImageObject\",\"inLanguage\":\"it-IT\",\"@id\":\"https:\/\/elsaconcierge.com\/#\/schema\/logo\/image\/\",\"url\":\"https:\/\/elsaconcierge.com\/wp-content\/uploads\/2022\/04\/logo-elsa-copia.png\",\"contentUrl\":\"https:\/\/elsaconcierge.com\/wp-content\/uploads\/2022\/04\/logo-elsa-copia.png\",\"width\":278,\"height\":268,\"caption\":\"ELSA Concierge Services\"},\"image\":{\"@id\":\"https:\/\/elsaconcierge.com\/#\/schema\/logo\/image\/\"}}]}<\/script>\n<!-- \/ Yoast SEO plugin. -->","yoast_head_json":{"title":"Feste Private - ELSA Concierge Services","robots":{"index":"index","follow":"follow","max-snippet":"max-snippet:-1","max-image-preview":"max-image-preview:large","max-video-preview":"max-video-preview:-1"},"canonical":"https:\/\/elsaconcierge.com\/it\/eventi\/feste-private\/","og_locale":"it_IT","og_type":"article","og_title":"Feste Private - ELSA Concierge Services","og_url":"https:\/\/elsaconcierge.com\/it\/eventi\/feste-private\/","og_site_name":"ELSA Concierge Services","og_image":[{"width":612,"height":408,"url":"https:\/\/elsaconcierge.com\/wp-content\/uploads\/2022\/04\/dancing-friends-picture-id501387734.jpg","type":"image\/jpeg"}],"twitter_card":"summary_large_image","twitter_misc":{"Tempo di lettura stimato":"2 minuti"},"schema":{"@context":"https:\/\/schema.org","@graph":[{"@type":"WebPage","@id":"https:\/\/elsaconcierge.com\/it\/eventi\/feste-private\/","url":"https:\/\/elsaconcierge.com\/it\/eventi\/feste-private\/","name":"Feste Private - ELSA Concierge Services","isPartOf":{"@id":"https:\/\/elsaconcierge.com\/#website"},"primaryImageOfPage":{"@id":"https:\/\/elsaconcierge.com\/it\/eventi\/feste-private\/#primaryimage"},"image":{"@id":"https:\/\/elsaconcierge.com\/it\/eventi\/feste-private\/#primaryimage"},"thumbnailUrl":"https:\/\/elsaconcierge.com\/wp-content\/uploads\/2022\/04\/dancing-friends-picture-id501387734.jpg","datePublished":"2022-07-14T15:24:04+00:00","dateModified":"2022-07-14T15:24:04+00:00","breadcrumb":{"@id":"https:\/\/elsaconcierge.com\/it\/eventi\/feste-private\/#breadcrumb"},"inLanguage":"it-IT","potentialAction":[{"@type":"ReadAction","target":["https:\/\/elsaconcierge.com\/it\/eventi\/feste-private\/"]}]},{"@type":"ImageObject","inLanguage":"it-IT","@id":"https:\/\/elsaconcierge.com\/it\/eventi\/feste-private\/#primaryimage","url":"https:\/\/elsaconcierge.com\/wp-content\/uploads\/2022\/04\/dancing-friends-picture-id501387734.jpg","contentUrl":"https:\/\/elsaconcierge.com\/wp-content\/uploads\/2022\/04\/dancing-friends-picture-id501387734.jpg","width":612,"height":408,"caption":"Young people dancing in night club"},{"@type":"BreadcrumbList","@id":"https:\/\/elsaconcierge.com\/it\/eventi\/feste-private\/#breadcrumb","itemListElement":[{"@type":"ListItem","position":1,"name":"Home","item":"https:\/\/elsaconcierge.com\/it\/"},{"@type":"ListItem","position":2,"name":"Eventi","item":"https:\/\/elsaconcierge.com\/it\/eventi\/"},{"@type":"ListItem","position":3,"name":"Feste Private"}]},{"@type":"WebSite","@id":"https:\/\/elsaconcierge.com\/#website","url":"https:\/\/elsaconcierge.com\/","name":"ELSA Concierge Services","description":"","publisher":{"@id":"https:\/\/elsaconcierge.com\/#organization"},"potentialAction":[{"@type":"SearchAction","target":{"@type":"EntryPoint","urlTemplate":"https:\/\/elsaconcierge.com\/?s={search_term_string}"},"query-input":"required name=search_term_string"}],"inLanguage":"it-IT"},{"@type":"Organization","@id":"https:\/\/elsaconcierge.com\/#organization","name":"ELSA Concierge Services","url":"https:\/\/elsaconcierge.com\/","logo":{"@type":"ImageObject","inLanguage":"it-IT","@id":"https:\/\/elsaconcierge.com\/#\/schema\/logo\/image\/","url":"https:\/\/elsaconcierge.com\/wp-content\/uploads\/2022\/04\/logo-elsa-copia.png","contentUrl":"https:\/\/elsaconcierge.com\/wp-content\/uploads\/2022\/04\/logo-elsa-copia.png","width":278,"height":268,"caption":"ELSA Concierge Services"},"image":{"@id":"https:\/\/elsaconcierge.com\/#\/schema\/logo\/image\/"}}]}},"_links":{"self":[{"href":"https:\/\/elsaconcierge.com\/it\/wp-json\/wp\/v2\/pages\/1820","targetHints":{"allow":["GET"]}}],"collection":[{"href":"https:\/\/elsaconcierge.com\/it\/wp-json\/wp\/v2\/pages"}],"about":[{"href":"https:\/\/elsaconcierge.com\/it\/wp-json\/wp\/v2\/types\/page"}],"author":[{"embeddable":true,"href":"https:\/\/elsaconcierge.com\/it\/wp-json\/wp\/v2\/users\/1"}],"replies":[{"embeddable":true,"href":"https:\/\/elsaconcierge.com\/it\/wp-json\/wp\/v2\/comments?post=1820"}],"version-history":[{"count":2,"href":"https:\/\/elsaconcierge.com\/it\/wp-json\/wp\/v2\/pages\/1820\/revisions"}],"predecessor-version":[{"id":1822,"href":"https:\/\/elsaconcierge.com\/it\/wp-json\/wp\/v2\/pages\/1820\/revisions\/1822"}],"up":[{"embeddable":true,"href":"https:\/\/elsaconcierge.com\/it\/wp-json\/wp\/v2\/pages\/1675"}],"wp:featuredmedia":[{"embeddable":true,"href":"https:\/\/elsaconcierge.com\/it\/wp-json\/wp\/v2\/media\/795"}],"wp:attachment":[{"href":"https:\/\/elsaconcierge.com\/it\/wp-json\/wp\/v2\/media?parent=1820"}],"wp:term":[{"taxonomy":"category","embeddable":true,"href":"https:\/\/elsaconcierge.com\/it\/wp-json\/wp\/v2\/categories?post=1820"},{"taxonomy":"post_tag","embeddable":true,"href":"https:\/\/elsaconcierge.com\/it\/wp-json\/wp\/v2\/tags?post=1820"}],"curies":[{"name":"wp","href":"https:\/\/api.w.org\/{rel}","templated":true}]}}