{"id":1663,"date":"2022-07-14T14:45:23","date_gmt":"2022-07-14T14:45:23","guid":{"rendered":"https:\/\/elsaconcierge.com\/noleggi\/barche-e-yacht\/"},"modified":"2023-03-15T10:55:52","modified_gmt":"2023-03-15T10:55:52","slug":"barche-e-yacht","status":"publish","type":"page","link":"https:\/\/elsaconcierge.com\/it\/noleggi\/barche-e-yacht\/","title":{"rendered":"Barche e yacht"},"content":{"rendered":"<section class=\"l-section wpb_row height_small\"><div class=\"l-section-h i-cf\"><div class=\"g-cols vc_row via_flex valign_top type_default stacking_default\"><div class=\"vc_col-sm-4 wpb_column vc_column_container\"><div class=\"vc_column-inner\"><div class=\"wpb_wrapper\"><div class=\"w-image style_shadow-2 align_none\"><a ref=\"magnificPopup\" href=\"https:\/\/elsaconcierge.com\/wp-content\/uploads\/2022\/07\/boat-g165fbf188_1920.jpg\" aria-label=\"boat-g165fbf188_1920\" class=\"w-image-h\"><div class=\"w-image-shadow\" style=\"background-image:url(https:\/\/elsaconcierge.com\/wp-content\/uploads\/2022\/07\/boat-g165fbf188_1920-1024x683.jpg);\"><\/div><img decoding=\"async\" width=\"1024\" height=\"683\" src=\"https:\/\/elsaconcierge.com\/wp-content\/uploads\/2022\/07\/boat-g165fbf188_1920-1024x683.jpg\" class=\"attachment-large size-large\" alt=\"\" loading=\"lazy\" srcset=\"https:\/\/elsaconcierge.com\/wp-content\/uploads\/2022\/07\/boat-g165fbf188_1920-1024x683.jpg 1024w, https:\/\/elsaconcierge.com\/wp-content\/uploads\/2022\/07\/boat-g165fbf188_1920-600x400.jpg 600w, https:\/\/elsaconcierge.com\/wp-content\/uploads\/2022\/07\/boat-g165fbf188_1920-300x200.jpg 300w, https:\/\/elsaconcierge.com\/wp-content\/uploads\/2022\/07\/boat-g165fbf188_1920.jpg 1920w\" sizes=\"auto, (max-width: 1024px) 100vw, 1024px\" \/><\/a><\/div><\/div><\/div><\/div><div class=\"vc_col-sm-8 wpb_column vc_column_container\"><div class=\"vc_column-inner\"><div class=\"wpb_wrapper\"><div class=\"wpb_text_column\"><div class=\"wpb_wrapper\"><h3>Una vacanza al mare con Elsa Concierge Luxury Services \u00e8 un viaggio per mare come nessun altro!<\/h3>\n<p>Scopri ed esplora gli itinerari mozzafiato e i luoghi pi\u00f9 belli della Sardegna dalla tua lussuosa barca privata, con un tour su misura per te che non ha prezzo. Elsa Concierge Luxury Services ha una vasta selezione di yacht, catamarani e barche a vela. I nostri esperti del settore ti forniranno yacht ideali per la tua vacanza.<\/p>\n<\/div><\/div><\/div><\/div><\/div><\/div><\/div><\/section><section class=\"l-section wpb_row height_small color_alternate\"><div class=\"l-section-h i-cf\"><div class=\"g-cols vc_row via_flex valign_top type_default stacking_default\"><div class=\"vc_col-sm-8 wpb_column vc_column_container\"><div class=\"vc_column-inner\"><div class=\"wpb_wrapper\"><div class=\"wpb_text_column\"><div class=\"wpb_wrapper\"><h3>Chef con anni di esperienza cuciner\u00e0 i vostri piatti preferiti e l\u2019hostess vi accoglier\u00e0 con cocktail rinfrescanti.<\/h3>\n<p>Un giro in barca sar\u00e0 pi\u00f9 divertente con i giochi d\u2019acqua; quindi ci sono vari gadget a bordo per rendere la tua vacanza pi\u00f9 sportiva, dai classici SUP al bob ultramoderno e altri su vostra richiesta.<\/p>\n<\/div><\/div><\/div><\/div><\/div><div class=\"vc_col-sm-4 wpb_column vc_column_container\"><div class=\"vc_column-inner\"><div class=\"wpb_wrapper\"><div class=\"w-image style_shadow-2 align_none\"><a ref=\"magnificPopup\" href=\"https:\/\/elsaconcierge.com\/wp-content\/uploads\/2022\/07\/montenegro-g750529e51_1920.jpg\" aria-label=\"montenegro-g750529e51_1920\" class=\"w-image-h\"><div class=\"w-image-shadow\" style=\"background-image:url(https:\/\/elsaconcierge.com\/wp-content\/uploads\/2022\/07\/montenegro-g750529e51_1920-1024x768.jpg);\"><\/div><img decoding=\"async\" width=\"1024\" height=\"768\" src=\"https:\/\/elsaconcierge.com\/wp-content\/uploads\/2022\/07\/montenegro-g750529e51_1920-1024x768.jpg\" class=\"attachment-large size-large\" alt=\"\" loading=\"lazy\" srcset=\"https:\/\/elsaconcierge.com\/wp-content\/uploads\/2022\/07\/montenegro-g750529e51_1920-1024x768.jpg 1024w, https:\/\/elsaconcierge.com\/wp-content\/uploads\/2022\/07\/montenegro-g750529e51_1920-600x450.jpg 600w, https:\/\/elsaconcierge.com\/wp-content\/uploads\/2022\/07\/montenegro-g750529e51_1920-300x225.jpg 300w, https:\/\/elsaconcierge.com\/wp-content\/uploads\/2022\/07\/montenegro-g750529e51_1920.jpg 1920w\" sizes=\"auto, (max-width: 1024px) 100vw, 1024px\" \/><\/a><\/div><\/div><\/div><\/div><\/div><\/div><\/section><section class=\"l-section wpb_row height_small\"><div class=\"l-section-h i-cf\"><div class=\"g-cols vc_row via_flex valign_top type_default stacking_default\"><div class=\"vc_col-sm-12 wpb_column vc_column_container\"><div class=\"vc_column-inner\"><div class=\"wpb_wrapper\"><div class=\"w-actionbox color_primary controls_bottom\"><div class=\"w-actionbox-text\"><h2 class=\"w-actionbox-title\">Proviamo l&#8217;auto dei tuoi sogni!<\/h2><div class=\"w-actionbox-description\"><p>Il nostro personale consegner\u00e0 o ritirer\u00e0 tempestivamente la barca nel luogo a voi pi\u00f9 comodo.<\/p>\n<\/div><\/div><div class=\"w-actionbox-controls\"><a class=\"w-btn us-btn-style_1\" title=\"Contatto\" href=\"https:\/\/elsaconcierge.com\/contact\/\"><span class=\"w-btn-label\">Contattaci<\/span><\/a><\/div><\/div><\/div><\/div><\/div><\/div><\/div><\/section>\n","protected":false},"excerpt":{"rendered":"Una vacanza al mare con Elsa Concierge Luxury Services \u00e8 un viaggio per mare come nessun altro! Scopri ed esplora gli itinerari mozzafiato e i luoghi pi\u00f9 belli della Sardegna dalla tua lussuosa barca privata, con un tour su misura per te che non ha prezzo. Elsa Concierge Luxury Services ha una vasta selezione di...","protected":false},"author":3,"featured_media":1541,"parent":1652,"menu_order":5,"comment_status":"closed","ping_status":"closed","template":"","meta":{"_acf_changed":false,"footnotes":""},"categories":[69],"tags":[],"class_list":["post-1663","page","type-page","status-publish","has-post-thumbnail","hentry","category-noleggio"],"acf":[],"yoast_head":"<!-- This site is optimized with the Yoast SEO plugin v22.5 - https:\/\/yoast.com\/wordpress\/plugins\/seo\/ -->\n<title>Barche e yacht - ELSA Concierge Services<\/title>\n<meta name=\"robots\" content=\"index, follow, max-snippet:-1, max-image-preview:large, max-video-preview:-1\" \/>\n<link rel=\"canonical\" href=\"https:\/\/elsaconcierge.com\/it\/noleggi\/barche-e-yacht\/\" \/>\n<meta property=\"og:locale\" content=\"it_IT\" \/>\n<meta property=\"og:type\" content=\"article\" \/>\n<meta property=\"og:title\" content=\"Barche e yacht - ELSA Concierge Services\" \/>\n<meta property=\"og:url\" content=\"https:\/\/elsaconcierge.com\/it\/noleggi\/barche-e-yacht\/\" \/>\n<meta property=\"og:site_name\" content=\"ELSA Concierge Services\" \/>\n<meta property=\"article:modified_time\" content=\"2023-03-15T10:55:52+00:00\" \/>\n<meta property=\"og:image\" content=\"https:\/\/elsaconcierge.com\/wp-content\/uploads\/2022\/07\/hd-wallpaper-gc0fdbd198_1920.jpg\" \/>\n\t<meta property=\"og:image:width\" content=\"1920\" \/>\n\t<meta property=\"og:image:height\" content=\"1280\" \/>\n\t<meta property=\"og:image:type\" content=\"image\/jpeg\" \/>\n<meta name=\"twitter:card\" content=\"summary_large_image\" \/>\n<meta name=\"twitter:label1\" content=\"Tempo di lettura stimato\" \/>\n\t<meta name=\"twitter:data1\" content=\"1 minuto\" \/>\n<script type=\"application\/ld+json\" class=\"yoast-schema-graph\">{\"@context\":\"https:\/\/schema.org\",\"@graph\":[{\"@type\":\"WebPage\",\"@id\":\"https:\/\/elsaconcierge.com\/it\/noleggi\/barche-e-yacht\/\",\"url\":\"https:\/\/elsaconcierge.com\/it\/noleggi\/barche-e-yacht\/\",\"name\":\"Barche e yacht - ELSA Concierge Services\",\"isPartOf\":{\"@id\":\"https:\/\/elsaconcierge.com\/#website\"},\"primaryImageOfPage\":{\"@id\":\"https:\/\/elsaconcierge.com\/it\/noleggi\/barche-e-yacht\/#primaryimage\"},\"image\":{\"@id\":\"https:\/\/elsaconcierge.com\/it\/noleggi\/barche-e-yacht\/#primaryimage\"},\"thumbnailUrl\":\"https:\/\/elsaconcierge.com\/wp-content\/uploads\/2022\/07\/hd-wallpaper-gc0fdbd198_1920.jpg\",\"datePublished\":\"2022-07-14T14:45:23+00:00\",\"dateModified\":\"2023-03-15T10:55:52+00:00\",\"breadcrumb\":{\"@id\":\"https:\/\/elsaconcierge.com\/it\/noleggi\/barche-e-yacht\/#breadcrumb\"},\"inLanguage\":\"it-IT\",\"potentialAction\":[{\"@type\":\"ReadAction\",\"target\":[\"https:\/\/elsaconcierge.com\/it\/noleggi\/barche-e-yacht\/\"]}]},{\"@type\":\"ImageObject\",\"inLanguage\":\"it-IT\",\"@id\":\"https:\/\/elsaconcierge.com\/it\/noleggi\/barche-e-yacht\/#primaryimage\",\"url\":\"https:\/\/elsaconcierge.com\/wp-content\/uploads\/2022\/07\/hd-wallpaper-gc0fdbd198_1920.jpg\",\"contentUrl\":\"https:\/\/elsaconcierge.com\/wp-content\/uploads\/2022\/07\/hd-wallpaper-gc0fdbd198_1920.jpg\",\"width\":1920,\"height\":1280},{\"@type\":\"BreadcrumbList\",\"@id\":\"https:\/\/elsaconcierge.com\/it\/noleggi\/barche-e-yacht\/#breadcrumb\",\"itemListElement\":[{\"@type\":\"ListItem\",\"position\":1,\"name\":\"Home\",\"item\":\"https:\/\/elsaconcierge.com\/it\/\"},{\"@type\":\"ListItem\",\"position\":2,\"name\":\"Noleggi\",\"item\":\"https:\/\/elsaconcierge.com\/it\/noleggi\/\"},{\"@type\":\"ListItem\",\"position\":3,\"name\":\"Barche e yacht\"}]},{\"@type\":\"WebSite\",\"@id\":\"https:\/\/elsaconcierge.com\/#website\",\"url\":\"https:\/\/elsaconcierge.com\/\",\"name\":\"ELSA Concierge Services\",\"description\":\"\",\"publisher\":{\"@id\":\"https:\/\/elsaconcierge.com\/#organization\"},\"potentialAction\":[{\"@type\":\"SearchAction\",\"target\":{\"@type\":\"EntryPoint\",\"urlTemplate\":\"https:\/\/elsaconcierge.com\/?s={search_term_string}\"},\"query-input\":\"required name=search_term_string\"}],\"inLanguage\":\"it-IT\"},{\"@type\":\"Organization\",\"@id\":\"https:\/\/elsaconcierge.com\/#organization\",\"name\":\"ELSA Concierge Services\",\"url\":\"https:\/\/elsaconcierge.com\/\",\"logo\":{\"@type\":\"ImageObject\",\"inLanguage\":\"it-IT\",\"@id\":\"https:\/\/elsaconcierge.com\/#\/schema\/logo\/image\/\",\"url\":\"https:\/\/elsaconcierge.com\/wp-content\/uploads\/2022\/04\/logo-elsa-copia.png\",\"contentUrl\":\"https:\/\/elsaconcierge.com\/wp-content\/uploads\/2022\/04\/logo-elsa-copia.png\",\"width\":278,\"height\":268,\"caption\":\"ELSA Concierge Services\"},\"image\":{\"@id\":\"https:\/\/elsaconcierge.com\/#\/schema\/logo\/image\/\"}}]}<\/script>\n<!-- \/ Yoast SEO plugin. -->","yoast_head_json":{"title":"Barche e yacht - ELSA Concierge Services","robots":{"index":"index","follow":"follow","max-snippet":"max-snippet:-1","max-image-preview":"max-image-preview:large","max-video-preview":"max-video-preview:-1"},"canonical":"https:\/\/elsaconcierge.com\/it\/noleggi\/barche-e-yacht\/","og_locale":"it_IT","og_type":"article","og_title":"Barche e yacht - ELSA Concierge Services","og_url":"https:\/\/elsaconcierge.com\/it\/noleggi\/barche-e-yacht\/","og_site_name":"ELSA Concierge Services","article_modified_time":"2023-03-15T10:55:52+00:00","og_image":[{"width":1920,"height":1280,"url":"https:\/\/elsaconcierge.com\/wp-content\/uploads\/2022\/07\/hd-wallpaper-gc0fdbd198_1920.jpg","type":"image\/jpeg"}],"twitter_card":"summary_large_image","twitter_misc":{"Tempo di lettura stimato":"1 minuto"},"schema":{"@context":"https:\/\/schema.org","@graph":[{"@type":"WebPage","@id":"https:\/\/elsaconcierge.com\/it\/noleggi\/barche-e-yacht\/","url":"https:\/\/elsaconcierge.com\/it\/noleggi\/barche-e-yacht\/","name":"Barche e yacht - ELSA Concierge Services","isPartOf":{"@id":"https:\/\/elsaconcierge.com\/#website"},"primaryImageOfPage":{"@id":"https:\/\/elsaconcierge.com\/it\/noleggi\/barche-e-yacht\/#primaryimage"},"image":{"@id":"https:\/\/elsaconcierge.com\/it\/noleggi\/barche-e-yacht\/#primaryimage"},"thumbnailUrl":"https:\/\/elsaconcierge.com\/wp-content\/uploads\/2022\/07\/hd-wallpaper-gc0fdbd198_1920.jpg","datePublished":"2022-07-14T14:45:23+00:00","dateModified":"2023-03-15T10:55:52+00:00","breadcrumb":{"@id":"https:\/\/elsaconcierge.com\/it\/noleggi\/barche-e-yacht\/#breadcrumb"},"inLanguage":"it-IT","potentialAction":[{"@type":"ReadAction","target":["https:\/\/elsaconcierge.com\/it\/noleggi\/barche-e-yacht\/"]}]},{"@type":"ImageObject","inLanguage":"it-IT","@id":"https:\/\/elsaconcierge.com\/it\/noleggi\/barche-e-yacht\/#primaryimage","url":"https:\/\/elsaconcierge.com\/wp-content\/uploads\/2022\/07\/hd-wallpaper-gc0fdbd198_1920.jpg","contentUrl":"https:\/\/elsaconcierge.com\/wp-content\/uploads\/2022\/07\/hd-wallpaper-gc0fdbd198_1920.jpg","width":1920,"height":1280},{"@type":"BreadcrumbList","@id":"https:\/\/elsaconcierge.com\/it\/noleggi\/barche-e-yacht\/#breadcrumb","itemListElement":[{"@type":"ListItem","position":1,"name":"Home","item":"https:\/\/elsaconcierge.com\/it\/"},{"@type":"ListItem","position":2,"name":"Noleggi","item":"https:\/\/elsaconcierge.com\/it\/noleggi\/"},{"@type":"ListItem","position":3,"name":"Barche e yacht"}]},{"@type":"WebSite","@id":"https:\/\/elsaconcierge.com\/#website","url":"https:\/\/elsaconcierge.com\/","name":"ELSA Concierge Services","description":"","publisher":{"@id":"https:\/\/elsaconcierge.com\/#organization"},"potentialAction":[{"@type":"SearchAction","target":{"@type":"EntryPoint","urlTemplate":"https:\/\/elsaconcierge.com\/?s={search_term_string}"},"query-input":"required name=search_term_string"}],"inLanguage":"it-IT"},{"@type":"Organization","@id":"https:\/\/elsaconcierge.com\/#organization","name":"ELSA Concierge Services","url":"https:\/\/elsaconcierge.com\/","logo":{"@type":"ImageObject","inLanguage":"it-IT","@id":"https:\/\/elsaconcierge.com\/#\/schema\/logo\/image\/","url":"https:\/\/elsaconcierge.com\/wp-content\/uploads\/2022\/04\/logo-elsa-copia.png","contentUrl":"https:\/\/elsaconcierge.com\/wp-content\/uploads\/2022\/04\/logo-elsa-copia.png","width":278,"height":268,"caption":"ELSA Concierge Services"},"image":{"@id":"https:\/\/elsaconcierge.com\/#\/schema\/logo\/image\/"}}]}},"_links":{"self":[{"href":"https:\/\/elsaconcierge.com\/it\/wp-json\/wp\/v2\/pages\/1663","targetHints":{"allow":["GET"]}}],"collection":[{"href":"https:\/\/elsaconcierge.com\/it\/wp-json\/wp\/v2\/pages"}],"about":[{"href":"https:\/\/elsaconcierge.com\/it\/wp-json\/wp\/v2\/types\/page"}],"author":[{"embeddable":true,"href":"https:\/\/elsaconcierge.com\/it\/wp-json\/wp\/v2\/users\/3"}],"replies":[{"embeddable":true,"href":"https:\/\/elsaconcierge.com\/it\/wp-json\/wp\/v2\/comments?post=1663"}],"version-history":[{"count":6,"href":"https:\/\/elsaconcierge.com\/it\/wp-json\/wp\/v2\/pages\/1663\/revisions"}],"predecessor-version":[{"id":2762,"href":"https:\/\/elsaconcierge.com\/it\/wp-json\/wp\/v2\/pages\/1663\/revisions\/2762"}],"up":[{"embeddable":true,"href":"https:\/\/elsaconcierge.com\/it\/wp-json\/wp\/v2\/pages\/1652"}],"wp:featuredmedia":[{"embeddable":true,"href":"https:\/\/elsaconcierge.com\/it\/wp-json\/wp\/v2\/media\/1541"}],"wp:attachment":[{"href":"https:\/\/elsaconcierge.com\/it\/wp-json\/wp\/v2\/media?parent=1663"}],"wp:term":[{"taxonomy":"category","embeddable":true,"href":"https:\/\/elsaconcierge.com\/it\/wp-json\/wp\/v2\/categories?post=1663"},{"taxonomy":"post_tag","embeddable":true,"href":"https:\/\/elsaconcierge.com\/it\/wp-json\/wp\/v2\/tags?post=1663"}],"curies":[{"name":"wp","href":"https:\/\/api.w.org\/{rel}","templated":true}]}}