{"id":1660,"date":"2022-07-14T14:38:36","date_gmt":"2022-07-14T14:38:36","guid":{"rendered":"https:\/\/elsaconcierge.com\/noleggi\/auto-vintage\/"},"modified":"2022-07-14T14:38:37","modified_gmt":"2022-07-14T14:38:37","slug":"auto-vintage","status":"publish","type":"page","link":"https:\/\/elsaconcierge.com\/it\/noleggi\/auto-vintage\/","title":{"rendered":"Auto Vintage"},"content":{"rendered":"<section class=\"l-section wpb_row height_small\"><div class=\"l-section-h i-cf\"><div class=\"g-cols vc_row via_flex valign_top type_default stacking_default\"><div class=\"vc_col-sm-4 wpb_column vc_column_container\"><div class=\"vc_column-inner\"><div class=\"wpb_wrapper\"><div class=\"w-image style_shadow-2 align_none\"><a ref=\"magnificPopup\" href=\"https:\/\/elsaconcierge.com\/wp-content\/uploads\/2022\/07\/antique-car-g12a5331b6_1920.jpg\" aria-label=\"antique-car-g12a5331b6_1920\" class=\"w-image-h\"><div class=\"w-image-shadow\" style=\"background-image:url(https:\/\/elsaconcierge.com\/wp-content\/uploads\/2022\/07\/antique-car-g12a5331b6_1920-1024x575.jpg);\"><\/div><img decoding=\"async\" width=\"1024\" height=\"575\" src=\"https:\/\/elsaconcierge.com\/wp-content\/uploads\/2022\/07\/antique-car-g12a5331b6_1920-1024x575.jpg\" class=\"attachment-large size-large\" alt=\"\" loading=\"lazy\" srcset=\"https:\/\/elsaconcierge.com\/wp-content\/uploads\/2022\/07\/antique-car-g12a5331b6_1920-1024x575.jpg 1024w, https:\/\/elsaconcierge.com\/wp-content\/uploads\/2022\/07\/antique-car-g12a5331b6_1920-600x337.jpg 600w, https:\/\/elsaconcierge.com\/wp-content\/uploads\/2022\/07\/antique-car-g12a5331b6_1920-300x169.jpg 300w, https:\/\/elsaconcierge.com\/wp-content\/uploads\/2022\/07\/antique-car-g12a5331b6_1920.jpg 1920w\" sizes=\"auto, (max-width: 1024px) 100vw, 1024px\" \/><\/a><\/div><\/div><\/div><\/div><div class=\"vc_col-sm-8 wpb_column vc_column_container\"><div class=\"vc_column-inner\"><div class=\"wpb_wrapper\"><div class=\"wpb_text_column\"><div class=\"wpb_wrapper\"><h3>Guidare una macchina d\u2019epoca significa riscoprire le autentiche sensazioni .<\/h3>\n<p>Sensazioni che solo un&#8217;auto d&#8217;epoca \u00e8 in grado di offrire: vivere pienamente le emozioni della guida, consapevoli che non esistono due curve uguali.<\/p>\n<p>Vive\u00a0 l\u2019incontro con un veicolo lento come un\u2019opportunit\u00e0 per gustarsi al meglio il piacere di ci\u00f2 che lo circonda: un paesaggio, un monumento, osservare un tramonto\u2026<\/p>\n<\/div><\/div><\/div><\/div><\/div><\/div><\/div><\/section><section class=\"l-section wpb_row height_small color_alternate\"><div class=\"l-section-h i-cf\"><div class=\"g-cols vc_row via_flex valign_top type_default stacking_default\"><div class=\"vc_col-sm-8 wpb_column vc_column_container\"><div class=\"vc_column-inner\"><div class=\"wpb_wrapper\"><div class=\"wpb_text_column\"><div class=\"wpb_wrapper\"><h3>Noi, a Elsa Concierge Luxury Services offriamo ai nostri clienti alta gamma di macchine d\u2019epoca.<\/h3>\n<p>Da un Rolls Royce Bentley a Ferrari Mondial, da Porsche 912 a Maggiolone Cabriolet, Alfa Romeo Giulietta Spider, Porsche 356 A Speedster.<\/p>\n<\/div><\/div><\/div><\/div><\/div><div class=\"vc_col-sm-4 wpb_column vc_column_container\"><div class=\"vc_column-inner\"><div class=\"wpb_wrapper\"><div class=\"w-image style_shadow-2 align_none\"><a ref=\"magnificPopup\" href=\"https:\/\/elsaconcierge.com\/wp-content\/uploads\/2022\/07\/porsche-g3439ad846_1920.png\" aria-label=\"porsche-g3439ad846_1920\" class=\"w-image-h\"><div class=\"w-image-shadow\" style=\"background-image:url(https:\/\/elsaconcierge.com\/wp-content\/uploads\/2022\/07\/porsche-g3439ad846_1920-1024x414.png);\"><\/div><img decoding=\"async\" width=\"1024\" height=\"414\" src=\"https:\/\/elsaconcierge.com\/wp-content\/uploads\/2022\/07\/porsche-g3439ad846_1920-1024x414.png\" class=\"attachment-large size-large\" alt=\"\" loading=\"lazy\" srcset=\"https:\/\/elsaconcierge.com\/wp-content\/uploads\/2022\/07\/porsche-g3439ad846_1920-1024x414.png 1024w, https:\/\/elsaconcierge.com\/wp-content\/uploads\/2022\/07\/porsche-g3439ad846_1920-600x243.png 600w, https:\/\/elsaconcierge.com\/wp-content\/uploads\/2022\/07\/porsche-g3439ad846_1920-300x121.png 300w, https:\/\/elsaconcierge.com\/wp-content\/uploads\/2022\/07\/porsche-g3439ad846_1920.png 1920w\" sizes=\"auto, (max-width: 1024px) 100vw, 1024px\" \/><\/a><\/div><\/div><\/div><\/div><\/div><\/div><\/section><section class=\"l-section wpb_row height_small\"><div class=\"l-section-h i-cf\"><div class=\"g-cols vc_row via_flex valign_top type_default stacking_default\"><div class=\"vc_col-sm-12 wpb_column vc_column_container\"><div class=\"vc_column-inner\"><div class=\"wpb_wrapper\"><div class=\"w-actionbox color_primary controls_bottom\"><div class=\"w-actionbox-text\"><h2 class=\"w-actionbox-title\">Proviamo l&#8217;auto dei tuoi sogni!<\/h2><div class=\"w-actionbox-description\"><p>Il nostro personale consegner\u00e0 o ritirer\u00e0 tempestivamente l&#8217;auto nel luogo a voi pi\u00f9 comodo.<\/p>\n<\/div><\/div><div class=\"w-actionbox-controls\"><a class=\"w-btn us-btn-style_1\" title=\"Contatti\" href=\"https:\/\/elsaconcierge.com\/contact\/\"><span class=\"w-btn-label\">Contattaci<\/span><\/a><\/div><\/div><\/div><\/div><\/div><\/div><\/div><\/section>\n","protected":false},"excerpt":{"rendered":"Guidare una macchina d\u2019epoca significa riscoprire le autentiche sensazioni . Sensazioni che solo un&#8217;auto d&#8217;epoca \u00e8 in grado di offrire: vivere pienamente le emozioni della guida, consapevoli che non esistono due curve uguali. Vive\u00a0 l\u2019incontro con un veicolo lento come un\u2019opportunit\u00e0 per gustarsi al meglio il piacere di ci\u00f2 che lo circonda: un paesaggio, un...","protected":false},"author":3,"featured_media":1529,"parent":1652,"menu_order":4,"comment_status":"closed","ping_status":"closed","template":"","meta":{"_acf_changed":false,"footnotes":""},"categories":[69],"tags":[],"class_list":["post-1660","page","type-page","status-publish","has-post-thumbnail","hentry","category-noleggio"],"acf":[],"yoast_head":"<!-- This site is optimized with the Yoast SEO plugin v22.5 - https:\/\/yoast.com\/wordpress\/plugins\/seo\/ -->\n<title>Auto Vintage - ELSA Concierge Services<\/title>\n<meta name=\"robots\" content=\"index, follow, max-snippet:-1, max-image-preview:large, max-video-preview:-1\" \/>\n<link rel=\"canonical\" href=\"https:\/\/elsaconcierge.com\/it\/noleggi\/auto-vintage\/\" \/>\n<meta property=\"og:locale\" content=\"it_IT\" \/>\n<meta property=\"og:type\" content=\"article\" \/>\n<meta property=\"og:title\" content=\"Auto Vintage - ELSA Concierge Services\" \/>\n<meta property=\"og:url\" content=\"https:\/\/elsaconcierge.com\/it\/noleggi\/auto-vintage\/\" \/>\n<meta property=\"og:site_name\" content=\"ELSA Concierge Services\" \/>\n<meta property=\"article:modified_time\" content=\"2022-07-14T14:38:37+00:00\" \/>\n<meta property=\"og:image\" content=\"https:\/\/elsaconcierge.com\/wp-content\/uploads\/2022\/07\/car-gb89c222ef_1920.jpg\" \/>\n\t<meta property=\"og:image:width\" content=\"1920\" \/>\n\t<meta property=\"og:image:height\" content=\"1280\" \/>\n\t<meta property=\"og:image:type\" content=\"image\/jpeg\" \/>\n<meta name=\"twitter:card\" content=\"summary_large_image\" \/>\n<meta name=\"twitter:label1\" content=\"Tempo di lettura stimato\" \/>\n\t<meta name=\"twitter:data1\" content=\"1 minuto\" \/>\n<script type=\"application\/ld+json\" class=\"yoast-schema-graph\">{\"@context\":\"https:\/\/schema.org\",\"@graph\":[{\"@type\":\"WebPage\",\"@id\":\"https:\/\/elsaconcierge.com\/it\/noleggi\/auto-vintage\/\",\"url\":\"https:\/\/elsaconcierge.com\/it\/noleggi\/auto-vintage\/\",\"name\":\"Auto Vintage - ELSA Concierge Services\",\"isPartOf\":{\"@id\":\"https:\/\/elsaconcierge.com\/#website\"},\"primaryImageOfPage\":{\"@id\":\"https:\/\/elsaconcierge.com\/it\/noleggi\/auto-vintage\/#primaryimage\"},\"image\":{\"@id\":\"https:\/\/elsaconcierge.com\/it\/noleggi\/auto-vintage\/#primaryimage\"},\"thumbnailUrl\":\"https:\/\/elsaconcierge.com\/wp-content\/uploads\/2022\/07\/car-gb89c222ef_1920.jpg\",\"datePublished\":\"2022-07-14T14:38:36+00:00\",\"dateModified\":\"2022-07-14T14:38:37+00:00\",\"breadcrumb\":{\"@id\":\"https:\/\/elsaconcierge.com\/it\/noleggi\/auto-vintage\/#breadcrumb\"},\"inLanguage\":\"it-IT\",\"potentialAction\":[{\"@type\":\"ReadAction\",\"target\":[\"https:\/\/elsaconcierge.com\/it\/noleggi\/auto-vintage\/\"]}]},{\"@type\":\"ImageObject\",\"inLanguage\":\"it-IT\",\"@id\":\"https:\/\/elsaconcierge.com\/it\/noleggi\/auto-vintage\/#primaryimage\",\"url\":\"https:\/\/elsaconcierge.com\/wp-content\/uploads\/2022\/07\/car-gb89c222ef_1920.jpg\",\"contentUrl\":\"https:\/\/elsaconcierge.com\/wp-content\/uploads\/2022\/07\/car-gb89c222ef_1920.jpg\",\"width\":1920,\"height\":1280},{\"@type\":\"BreadcrumbList\",\"@id\":\"https:\/\/elsaconcierge.com\/it\/noleggi\/auto-vintage\/#breadcrumb\",\"itemListElement\":[{\"@type\":\"ListItem\",\"position\":1,\"name\":\"Home\",\"item\":\"https:\/\/elsaconcierge.com\/it\/\"},{\"@type\":\"ListItem\",\"position\":2,\"name\":\"Noleggi\",\"item\":\"https:\/\/elsaconcierge.com\/it\/noleggi\/\"},{\"@type\":\"ListItem\",\"position\":3,\"name\":\"Auto Vintage\"}]},{\"@type\":\"WebSite\",\"@id\":\"https:\/\/elsaconcierge.com\/#website\",\"url\":\"https:\/\/elsaconcierge.com\/\",\"name\":\"ELSA Concierge Services\",\"description\":\"\",\"publisher\":{\"@id\":\"https:\/\/elsaconcierge.com\/#organization\"},\"potentialAction\":[{\"@type\":\"SearchAction\",\"target\":{\"@type\":\"EntryPoint\",\"urlTemplate\":\"https:\/\/elsaconcierge.com\/?s={search_term_string}\"},\"query-input\":\"required name=search_term_string\"}],\"inLanguage\":\"it-IT\"},{\"@type\":\"Organization\",\"@id\":\"https:\/\/elsaconcierge.com\/#organization\",\"name\":\"ELSA Concierge Services\",\"url\":\"https:\/\/elsaconcierge.com\/\",\"logo\":{\"@type\":\"ImageObject\",\"inLanguage\":\"it-IT\",\"@id\":\"https:\/\/elsaconcierge.com\/#\/schema\/logo\/image\/\",\"url\":\"https:\/\/elsaconcierge.com\/wp-content\/uploads\/2022\/04\/logo-elsa-copia.png\",\"contentUrl\":\"https:\/\/elsaconcierge.com\/wp-content\/uploads\/2022\/04\/logo-elsa-copia.png\",\"width\":278,\"height\":268,\"caption\":\"ELSA Concierge Services\"},\"image\":{\"@id\":\"https:\/\/elsaconcierge.com\/#\/schema\/logo\/image\/\"}}]}<\/script>\n<!-- \/ Yoast SEO plugin. -->","yoast_head_json":{"title":"Auto Vintage - ELSA Concierge Services","robots":{"index":"index","follow":"follow","max-snippet":"max-snippet:-1","max-image-preview":"max-image-preview:large","max-video-preview":"max-video-preview:-1"},"canonical":"https:\/\/elsaconcierge.com\/it\/noleggi\/auto-vintage\/","og_locale":"it_IT","og_type":"article","og_title":"Auto Vintage - ELSA Concierge Services","og_url":"https:\/\/elsaconcierge.com\/it\/noleggi\/auto-vintage\/","og_site_name":"ELSA Concierge Services","article_modified_time":"2022-07-14T14:38:37+00:00","og_image":[{"width":1920,"height":1280,"url":"https:\/\/elsaconcierge.com\/wp-content\/uploads\/2022\/07\/car-gb89c222ef_1920.jpg","type":"image\/jpeg"}],"twitter_card":"summary_large_image","twitter_misc":{"Tempo di lettura stimato":"1 minuto"},"schema":{"@context":"https:\/\/schema.org","@graph":[{"@type":"WebPage","@id":"https:\/\/elsaconcierge.com\/it\/noleggi\/auto-vintage\/","url":"https:\/\/elsaconcierge.com\/it\/noleggi\/auto-vintage\/","name":"Auto Vintage - ELSA Concierge Services","isPartOf":{"@id":"https:\/\/elsaconcierge.com\/#website"},"primaryImageOfPage":{"@id":"https:\/\/elsaconcierge.com\/it\/noleggi\/auto-vintage\/#primaryimage"},"image":{"@id":"https:\/\/elsaconcierge.com\/it\/noleggi\/auto-vintage\/#primaryimage"},"thumbnailUrl":"https:\/\/elsaconcierge.com\/wp-content\/uploads\/2022\/07\/car-gb89c222ef_1920.jpg","datePublished":"2022-07-14T14:38:36+00:00","dateModified":"2022-07-14T14:38:37+00:00","breadcrumb":{"@id":"https:\/\/elsaconcierge.com\/it\/noleggi\/auto-vintage\/#breadcrumb"},"inLanguage":"it-IT","potentialAction":[{"@type":"ReadAction","target":["https:\/\/elsaconcierge.com\/it\/noleggi\/auto-vintage\/"]}]},{"@type":"ImageObject","inLanguage":"it-IT","@id":"https:\/\/elsaconcierge.com\/it\/noleggi\/auto-vintage\/#primaryimage","url":"https:\/\/elsaconcierge.com\/wp-content\/uploads\/2022\/07\/car-gb89c222ef_1920.jpg","contentUrl":"https:\/\/elsaconcierge.com\/wp-content\/uploads\/2022\/07\/car-gb89c222ef_1920.jpg","width":1920,"height":1280},{"@type":"BreadcrumbList","@id":"https:\/\/elsaconcierge.com\/it\/noleggi\/auto-vintage\/#breadcrumb","itemListElement":[{"@type":"ListItem","position":1,"name":"Home","item":"https:\/\/elsaconcierge.com\/it\/"},{"@type":"ListItem","position":2,"name":"Noleggi","item":"https:\/\/elsaconcierge.com\/it\/noleggi\/"},{"@type":"ListItem","position":3,"name":"Auto Vintage"}]},{"@type":"WebSite","@id":"https:\/\/elsaconcierge.com\/#website","url":"https:\/\/elsaconcierge.com\/","name":"ELSA Concierge Services","description":"","publisher":{"@id":"https:\/\/elsaconcierge.com\/#organization"},"potentialAction":[{"@type":"SearchAction","target":{"@type":"EntryPoint","urlTemplate":"https:\/\/elsaconcierge.com\/?s={search_term_string}"},"query-input":"required name=search_term_string"}],"inLanguage":"it-IT"},{"@type":"Organization","@id":"https:\/\/elsaconcierge.com\/#organization","name":"ELSA Concierge Services","url":"https:\/\/elsaconcierge.com\/","logo":{"@type":"ImageObject","inLanguage":"it-IT","@id":"https:\/\/elsaconcierge.com\/#\/schema\/logo\/image\/","url":"https:\/\/elsaconcierge.com\/wp-content\/uploads\/2022\/04\/logo-elsa-copia.png","contentUrl":"https:\/\/elsaconcierge.com\/wp-content\/uploads\/2022\/04\/logo-elsa-copia.png","width":278,"height":268,"caption":"ELSA Concierge Services"},"image":{"@id":"https:\/\/elsaconcierge.com\/#\/schema\/logo\/image\/"}}]}},"_links":{"self":[{"href":"https:\/\/elsaconcierge.com\/it\/wp-json\/wp\/v2\/pages\/1660","targetHints":{"allow":["GET"]}}],"collection":[{"href":"https:\/\/elsaconcierge.com\/it\/wp-json\/wp\/v2\/pages"}],"about":[{"href":"https:\/\/elsaconcierge.com\/it\/wp-json\/wp\/v2\/types\/page"}],"author":[{"embeddable":true,"href":"https:\/\/elsaconcierge.com\/it\/wp-json\/wp\/v2\/users\/3"}],"replies":[{"embeddable":true,"href":"https:\/\/elsaconcierge.com\/it\/wp-json\/wp\/v2\/comments?post=1660"}],"version-history":[{"count":2,"href":"https:\/\/elsaconcierge.com\/it\/wp-json\/wp\/v2\/pages\/1660\/revisions"}],"predecessor-version":[{"id":1662,"href":"https:\/\/elsaconcierge.com\/it\/wp-json\/wp\/v2\/pages\/1660\/revisions\/1662"}],"up":[{"embeddable":true,"href":"https:\/\/elsaconcierge.com\/it\/wp-json\/wp\/v2\/pages\/1652"}],"wp:featuredmedia":[{"embeddable":true,"href":"https:\/\/elsaconcierge.com\/it\/wp-json\/wp\/v2\/media\/1529"}],"wp:attachment":[{"href":"https:\/\/elsaconcierge.com\/it\/wp-json\/wp\/v2\/media?parent=1660"}],"wp:term":[{"taxonomy":"category","embeddable":true,"href":"https:\/\/elsaconcierge.com\/it\/wp-json\/wp\/v2\/categories?post=1660"},{"taxonomy":"post_tag","embeddable":true,"href":"https:\/\/elsaconcierge.com\/it\/wp-json\/wp\/v2\/tags?post=1660"}],"curies":[{"name":"wp","href":"https:\/\/api.w.org\/{rel}","templated":true}]}}