{"id":1657,"date":"2022-07-14T14:23:09","date_gmt":"2022-07-14T14:23:09","guid":{"rendered":"https:\/\/elsaconcierge.com\/noleggi\/auto-di-lusso\/"},"modified":"2022-07-14T14:23:10","modified_gmt":"2022-07-14T14:23:10","slug":"auto-di-lusso","status":"publish","type":"page","link":"https:\/\/elsaconcierge.com\/it\/noleggi\/auto-di-lusso\/","title":{"rendered":"Auto di Lusso"},"content":{"rendered":"<section class=\"l-section wpb_row height_small\"><div class=\"l-section-h i-cf\"><div class=\"g-cols vc_row via_flex valign_top type_default stacking_default\"><div class=\"vc_col-sm-4 wpb_column vc_column_container\"><div class=\"vc_column-inner\"><div class=\"wpb_wrapper\"><div class=\"w-image style_shadow-2 align_none\"><a ref=\"magnificPopup\" href=\"https:\/\/elsaconcierge.com\/wp-content\/uploads\/2022\/07\/IMG_2555-1.jpg\" aria-label=\"IMG_2555\" class=\"w-image-h\"><div class=\"w-image-shadow\" style=\"background-image:url(https:\/\/elsaconcierge.com\/wp-content\/uploads\/2022\/07\/IMG_2555-1-1024x667.jpg);\"><\/div><img decoding=\"async\" width=\"1024\" height=\"667\" src=\"https:\/\/elsaconcierge.com\/wp-content\/uploads\/2022\/07\/IMG_2555-1-1024x667.jpg\" class=\"attachment-large size-large\" alt=\"\" loading=\"lazy\" srcset=\"https:\/\/elsaconcierge.com\/wp-content\/uploads\/2022\/07\/IMG_2555-1-1024x667.jpg 1024w, https:\/\/elsaconcierge.com\/wp-content\/uploads\/2022\/07\/IMG_2555-1-600x391.jpg 600w, https:\/\/elsaconcierge.com\/wp-content\/uploads\/2022\/07\/IMG_2555-1-300x195.jpg 300w, https:\/\/elsaconcierge.com\/wp-content\/uploads\/2022\/07\/IMG_2555-1.jpg 1242w\" sizes=\"auto, (max-width: 1024px) 100vw, 1024px\" \/><\/a><\/div><\/div><\/div><\/div><div class=\"vc_col-sm-8 wpb_column vc_column_container\"><div class=\"vc_column-inner\"><div class=\"wpb_wrapper\"><div class=\"wpb_text_column\"><div class=\"wpb_wrapper\"><h3>Ogni viaggio che facciamo \u00e8 unico!<br \/>\nChe si tratta sia di una vacanza o un viaggio di lavoro.<\/h3>\n<p>Per spostarsi in comodit\u00e0 in Sardegna , noleggia un\u2019auto con Elsa Concierge!<br \/>\nUn\u2019auto d\u2019\u00e9lite \u00e8 un mezzo ideale per mostrare la qualit\u00e0 della vita di un uomo d\u2019affari di successo, una persona benestante e l\u2019opportunit\u00e0 di esprimere la propria individualit\u00e0.<\/p>\n<\/div><\/div><\/div><\/div><\/div><\/div><\/div><\/section><section class=\"l-section wpb_row height_small color_alternate\"><div class=\"l-section-h i-cf\"><div class=\"g-cols vc_row via_flex valign_top type_default stacking_default\"><div class=\"vc_col-sm-8 wpb_column vc_column_container\"><div class=\"vc_column-inner\"><div class=\"wpb_wrapper\"><div class=\"wpb_text_column\"><div class=\"wpb_wrapper\"><h3>Con noi \u00e8 possibile noleggiare modelli d\u2019auto delle marche pi\u00f9 famose.<\/h3>\n<p>Tutti i modelli premium e luxury class soddisfano\u00a0 i severi requisiti degli standard di sicurezza europei.<\/p>\n<\/div><\/div><\/div><\/div><\/div><div class=\"vc_col-sm-4 wpb_column vc_column_container\"><div class=\"vc_column-inner\"><div class=\"wpb_wrapper\"><div class=\"w-image style_shadow-2 align_none\"><a ref=\"magnificPopup\" href=\"https:\/\/elsaconcierge.com\/wp-content\/uploads\/2022\/07\/IMG_2554.jpg\" aria-label=\"IMG_2554\" class=\"w-image-h\"><div class=\"w-image-shadow\" style=\"background-image:url(https:\/\/elsaconcierge.com\/wp-content\/uploads\/2022\/07\/IMG_2554-1024x679.jpg);\"><\/div><img decoding=\"async\" width=\"1024\" height=\"679\" src=\"https:\/\/elsaconcierge.com\/wp-content\/uploads\/2022\/07\/IMG_2554-1024x679.jpg\" class=\"attachment-large size-large\" alt=\"\" loading=\"lazy\" srcset=\"https:\/\/elsaconcierge.com\/wp-content\/uploads\/2022\/07\/IMG_2554-1024x679.jpg 1024w, https:\/\/elsaconcierge.com\/wp-content\/uploads\/2022\/07\/IMG_2554-600x398.jpg 600w, https:\/\/elsaconcierge.com\/wp-content\/uploads\/2022\/07\/IMG_2554-300x199.jpg 300w, https:\/\/elsaconcierge.com\/wp-content\/uploads\/2022\/07\/IMG_2554.jpg 1242w\" sizes=\"auto, (max-width: 1024px) 100vw, 1024px\" \/><\/a><\/div><\/div><\/div><\/div><\/div><\/div><\/section><section class=\"l-section wpb_row height_small\"><div class=\"l-section-h i-cf\"><div class=\"g-cols vc_row via_flex valign_top type_default stacking_default\"><div class=\"vc_col-sm-4 wpb_column vc_column_container\"><div class=\"vc_column-inner\"><div class=\"wpb_wrapper\"><div class=\"w-image style_shadow-2 align_none\"><a ref=\"magnificPopup\" href=\"https:\/\/elsaconcierge.com\/wp-content\/uploads\/2022\/07\/IMG_2537.jpg\" aria-label=\"IMG_2537\" class=\"w-image-h\"><div class=\"w-image-shadow\" style=\"background-image:url(https:\/\/elsaconcierge.com\/wp-content\/uploads\/2022\/07\/IMG_2537-1024x660.jpg);\"><\/div><img decoding=\"async\" width=\"1024\" height=\"660\" src=\"https:\/\/elsaconcierge.com\/wp-content\/uploads\/2022\/07\/IMG_2537-1024x660.jpg\" class=\"attachment-large size-large\" alt=\"\" loading=\"lazy\" srcset=\"https:\/\/elsaconcierge.com\/wp-content\/uploads\/2022\/07\/IMG_2537-1024x660.jpg 1024w, https:\/\/elsaconcierge.com\/wp-content\/uploads\/2022\/07\/IMG_2537-600x387.jpg 600w, https:\/\/elsaconcierge.com\/wp-content\/uploads\/2022\/07\/IMG_2537-300x193.jpg 300w, https:\/\/elsaconcierge.com\/wp-content\/uploads\/2022\/07\/IMG_2537.jpg 1242w\" sizes=\"auto, (max-width: 1024px) 100vw, 1024px\" \/><\/a><\/div><\/div><\/div><\/div><div class=\"vc_col-sm-8 wpb_column vc_column_container\"><div class=\"vc_column-inner\"><div class=\"wpb_wrapper\"><div class=\"wpb_text_column\"><div class=\"wpb_wrapper\"><h3>Le nostre auto sono dotate di tutto il necessario per farvi sentire a vostro agio e in confort.<\/h3>\n<p>Ci teniamo al vostro comfort e il vostro tempo personale.<\/p>\n<p>Utilizzando i nostri servizi di noleggio d\u2019\u00e9lite con l\u2019autista, ti consentir\u00e0 di avere una ricca esperienza di viaggio, risparmiare il tempo, fare tutto ci\u00f2 che pianificato in anticipo. I nostri autisti conoscono bene il territorio, sanno come aggirare gli ingorghi o arrivare velocemente sul posto.<\/p>\n<p>.<\/p>\n<\/div><\/div><\/div><\/div><\/div><\/div><\/div><\/section><section class=\"l-section wpb_row height_small\"><div class=\"l-section-h i-cf\"><div class=\"g-cols vc_row via_flex valign_top type_default stacking_default\"><div class=\"vc_col-sm-12 wpb_column vc_column_container\"><div class=\"vc_column-inner\"><div class=\"wpb_wrapper\"><div class=\"w-actionbox color_primary controls_bottom\"><div class=\"w-actionbox-text\"><h2 class=\"w-actionbox-title\">Prova l\u2019auto dei tuoi sogni!<\/h2><div class=\"w-actionbox-description\"><p>Il nostro personale sar\u00e0 pronto consegnare o ritirare l\u2019auto a qualsiasi punto comodo per te.<\/p>\n<\/div><\/div><div class=\"w-actionbox-controls\"><a class=\"w-btn us-btn-style_1\" title=\"Contatto\" href=\"https:\/\/elsaconcierge.com\/contact\/\"><span class=\"w-btn-label\">Contattaci<\/span><\/a><\/div><\/div><\/div><\/div><\/div><\/div><\/div><\/section>\n","protected":false},"excerpt":{"rendered":"Ogni viaggio che facciamo \u00e8 unico! Che si tratta sia di una vacanza o un viaggio di lavoro. Per spostarsi in comodit\u00e0 in Sardegna , noleggia un\u2019auto con Elsa Concierge! Un\u2019auto d\u2019\u00e9lite \u00e8 un mezzo ideale per mostrare la qualit\u00e0 della vita di un uomo d\u2019affari di successo, una persona benestante e l\u2019opportunit\u00e0 di esprimere...","protected":false},"author":3,"featured_media":1500,"parent":1652,"menu_order":3,"comment_status":"closed","ping_status":"closed","template":"","meta":{"_acf_changed":false,"footnotes":""},"categories":[69],"tags":[],"class_list":["post-1657","page","type-page","status-publish","has-post-thumbnail","hentry","category-noleggio"],"acf":[],"yoast_head":"<!-- This site is optimized with the Yoast SEO plugin v22.5 - https:\/\/yoast.com\/wordpress\/plugins\/seo\/ -->\n<title>Auto di Lusso - ELSA Concierge Services<\/title>\n<meta name=\"robots\" content=\"index, follow, max-snippet:-1, max-image-preview:large, max-video-preview:-1\" \/>\n<link rel=\"canonical\" href=\"https:\/\/elsaconcierge.com\/it\/noleggi\/auto-di-lusso\/\" \/>\n<meta property=\"og:locale\" content=\"it_IT\" \/>\n<meta property=\"og:type\" content=\"article\" \/>\n<meta property=\"og:title\" content=\"Auto di Lusso - ELSA Concierge Services\" \/>\n<meta property=\"og:url\" content=\"https:\/\/elsaconcierge.com\/it\/noleggi\/auto-di-lusso\/\" \/>\n<meta property=\"og:site_name\" content=\"ELSA Concierge Services\" \/>\n<meta property=\"article:modified_time\" content=\"2022-07-14T14:23:10+00:00\" \/>\n<meta property=\"og:image\" content=\"https:\/\/elsaconcierge.com\/wp-content\/uploads\/2022\/07\/car-g17b0448c9_1920.jpg\" \/>\n\t<meta property=\"og:image:width\" content=\"1920\" \/>\n\t<meta property=\"og:image:height\" content=\"1210\" \/>\n\t<meta property=\"og:image:type\" content=\"image\/jpeg\" \/>\n<meta name=\"twitter:card\" content=\"summary_large_image\" \/>\n<meta name=\"twitter:label1\" content=\"Tempo di lettura stimato\" \/>\n\t<meta name=\"twitter:data1\" content=\"1 minuto\" \/>\n<script type=\"application\/ld+json\" class=\"yoast-schema-graph\">{\"@context\":\"https:\/\/schema.org\",\"@graph\":[{\"@type\":\"WebPage\",\"@id\":\"https:\/\/elsaconcierge.com\/it\/noleggi\/auto-di-lusso\/\",\"url\":\"https:\/\/elsaconcierge.com\/it\/noleggi\/auto-di-lusso\/\",\"name\":\"Auto di Lusso - ELSA Concierge Services\",\"isPartOf\":{\"@id\":\"https:\/\/elsaconcierge.com\/#website\"},\"primaryImageOfPage\":{\"@id\":\"https:\/\/elsaconcierge.com\/it\/noleggi\/auto-di-lusso\/#primaryimage\"},\"image\":{\"@id\":\"https:\/\/elsaconcierge.com\/it\/noleggi\/auto-di-lusso\/#primaryimage\"},\"thumbnailUrl\":\"https:\/\/elsaconcierge.com\/wp-content\/uploads\/2022\/07\/car-g17b0448c9_1920.jpg\",\"datePublished\":\"2022-07-14T14:23:09+00:00\",\"dateModified\":\"2022-07-14T14:23:10+00:00\",\"breadcrumb\":{\"@id\":\"https:\/\/elsaconcierge.com\/it\/noleggi\/auto-di-lusso\/#breadcrumb\"},\"inLanguage\":\"it-IT\",\"potentialAction\":[{\"@type\":\"ReadAction\",\"target\":[\"https:\/\/elsaconcierge.com\/it\/noleggi\/auto-di-lusso\/\"]}]},{\"@type\":\"ImageObject\",\"inLanguage\":\"it-IT\",\"@id\":\"https:\/\/elsaconcierge.com\/it\/noleggi\/auto-di-lusso\/#primaryimage\",\"url\":\"https:\/\/elsaconcierge.com\/wp-content\/uploads\/2022\/07\/car-g17b0448c9_1920.jpg\",\"contentUrl\":\"https:\/\/elsaconcierge.com\/wp-content\/uploads\/2022\/07\/car-g17b0448c9_1920.jpg\",\"width\":1920,\"height\":1210},{\"@type\":\"BreadcrumbList\",\"@id\":\"https:\/\/elsaconcierge.com\/it\/noleggi\/auto-di-lusso\/#breadcrumb\",\"itemListElement\":[{\"@type\":\"ListItem\",\"position\":1,\"name\":\"Home\",\"item\":\"https:\/\/elsaconcierge.com\/it\/\"},{\"@type\":\"ListItem\",\"position\":2,\"name\":\"Noleggi\",\"item\":\"https:\/\/elsaconcierge.com\/it\/noleggi\/\"},{\"@type\":\"ListItem\",\"position\":3,\"name\":\"Auto di Lusso\"}]},{\"@type\":\"WebSite\",\"@id\":\"https:\/\/elsaconcierge.com\/#website\",\"url\":\"https:\/\/elsaconcierge.com\/\",\"name\":\"ELSA Concierge Services\",\"description\":\"\",\"publisher\":{\"@id\":\"https:\/\/elsaconcierge.com\/#organization\"},\"potentialAction\":[{\"@type\":\"SearchAction\",\"target\":{\"@type\":\"EntryPoint\",\"urlTemplate\":\"https:\/\/elsaconcierge.com\/?s={search_term_string}\"},\"query-input\":\"required name=search_term_string\"}],\"inLanguage\":\"it-IT\"},{\"@type\":\"Organization\",\"@id\":\"https:\/\/elsaconcierge.com\/#organization\",\"name\":\"ELSA Concierge Services\",\"url\":\"https:\/\/elsaconcierge.com\/\",\"logo\":{\"@type\":\"ImageObject\",\"inLanguage\":\"it-IT\",\"@id\":\"https:\/\/elsaconcierge.com\/#\/schema\/logo\/image\/\",\"url\":\"https:\/\/elsaconcierge.com\/wp-content\/uploads\/2022\/04\/logo-elsa-copia.png\",\"contentUrl\":\"https:\/\/elsaconcierge.com\/wp-content\/uploads\/2022\/04\/logo-elsa-copia.png\",\"width\":278,\"height\":268,\"caption\":\"ELSA Concierge Services\"},\"image\":{\"@id\":\"https:\/\/elsaconcierge.com\/#\/schema\/logo\/image\/\"}}]}<\/script>\n<!-- \/ Yoast SEO plugin. -->","yoast_head_json":{"title":"Auto di Lusso - ELSA Concierge Services","robots":{"index":"index","follow":"follow","max-snippet":"max-snippet:-1","max-image-preview":"max-image-preview:large","max-video-preview":"max-video-preview:-1"},"canonical":"https:\/\/elsaconcierge.com\/it\/noleggi\/auto-di-lusso\/","og_locale":"it_IT","og_type":"article","og_title":"Auto di Lusso - ELSA Concierge Services","og_url":"https:\/\/elsaconcierge.com\/it\/noleggi\/auto-di-lusso\/","og_site_name":"ELSA Concierge Services","article_modified_time":"2022-07-14T14:23:10+00:00","og_image":[{"width":1920,"height":1210,"url":"https:\/\/elsaconcierge.com\/wp-content\/uploads\/2022\/07\/car-g17b0448c9_1920.jpg","type":"image\/jpeg"}],"twitter_card":"summary_large_image","twitter_misc":{"Tempo di lettura stimato":"1 minuto"},"schema":{"@context":"https:\/\/schema.org","@graph":[{"@type":"WebPage","@id":"https:\/\/elsaconcierge.com\/it\/noleggi\/auto-di-lusso\/","url":"https:\/\/elsaconcierge.com\/it\/noleggi\/auto-di-lusso\/","name":"Auto di Lusso - ELSA Concierge Services","isPartOf":{"@id":"https:\/\/elsaconcierge.com\/#website"},"primaryImageOfPage":{"@id":"https:\/\/elsaconcierge.com\/it\/noleggi\/auto-di-lusso\/#primaryimage"},"image":{"@id":"https:\/\/elsaconcierge.com\/it\/noleggi\/auto-di-lusso\/#primaryimage"},"thumbnailUrl":"https:\/\/elsaconcierge.com\/wp-content\/uploads\/2022\/07\/car-g17b0448c9_1920.jpg","datePublished":"2022-07-14T14:23:09+00:00","dateModified":"2022-07-14T14:23:10+00:00","breadcrumb":{"@id":"https:\/\/elsaconcierge.com\/it\/noleggi\/auto-di-lusso\/#breadcrumb"},"inLanguage":"it-IT","potentialAction":[{"@type":"ReadAction","target":["https:\/\/elsaconcierge.com\/it\/noleggi\/auto-di-lusso\/"]}]},{"@type":"ImageObject","inLanguage":"it-IT","@id":"https:\/\/elsaconcierge.com\/it\/noleggi\/auto-di-lusso\/#primaryimage","url":"https:\/\/elsaconcierge.com\/wp-content\/uploads\/2022\/07\/car-g17b0448c9_1920.jpg","contentUrl":"https:\/\/elsaconcierge.com\/wp-content\/uploads\/2022\/07\/car-g17b0448c9_1920.jpg","width":1920,"height":1210},{"@type":"BreadcrumbList","@id":"https:\/\/elsaconcierge.com\/it\/noleggi\/auto-di-lusso\/#breadcrumb","itemListElement":[{"@type":"ListItem","position":1,"name":"Home","item":"https:\/\/elsaconcierge.com\/it\/"},{"@type":"ListItem","position":2,"name":"Noleggi","item":"https:\/\/elsaconcierge.com\/it\/noleggi\/"},{"@type":"ListItem","position":3,"name":"Auto di Lusso"}]},{"@type":"WebSite","@id":"https:\/\/elsaconcierge.com\/#website","url":"https:\/\/elsaconcierge.com\/","name":"ELSA Concierge Services","description":"","publisher":{"@id":"https:\/\/elsaconcierge.com\/#organization"},"potentialAction":[{"@type":"SearchAction","target":{"@type":"EntryPoint","urlTemplate":"https:\/\/elsaconcierge.com\/?s={search_term_string}"},"query-input":"required name=search_term_string"}],"inLanguage":"it-IT"},{"@type":"Organization","@id":"https:\/\/elsaconcierge.com\/#organization","name":"ELSA Concierge Services","url":"https:\/\/elsaconcierge.com\/","logo":{"@type":"ImageObject","inLanguage":"it-IT","@id":"https:\/\/elsaconcierge.com\/#\/schema\/logo\/image\/","url":"https:\/\/elsaconcierge.com\/wp-content\/uploads\/2022\/04\/logo-elsa-copia.png","contentUrl":"https:\/\/elsaconcierge.com\/wp-content\/uploads\/2022\/04\/logo-elsa-copia.png","width":278,"height":268,"caption":"ELSA Concierge Services"},"image":{"@id":"https:\/\/elsaconcierge.com\/#\/schema\/logo\/image\/"}}]}},"_links":{"self":[{"href":"https:\/\/elsaconcierge.com\/it\/wp-json\/wp\/v2\/pages\/1657","targetHints":{"allow":["GET"]}}],"collection":[{"href":"https:\/\/elsaconcierge.com\/it\/wp-json\/wp\/v2\/pages"}],"about":[{"href":"https:\/\/elsaconcierge.com\/it\/wp-json\/wp\/v2\/types\/page"}],"author":[{"embeddable":true,"href":"https:\/\/elsaconcierge.com\/it\/wp-json\/wp\/v2\/users\/3"}],"replies":[{"embeddable":true,"href":"https:\/\/elsaconcierge.com\/it\/wp-json\/wp\/v2\/comments?post=1657"}],"version-history":[{"count":2,"href":"https:\/\/elsaconcierge.com\/it\/wp-json\/wp\/v2\/pages\/1657\/revisions"}],"predecessor-version":[{"id":1659,"href":"https:\/\/elsaconcierge.com\/it\/wp-json\/wp\/v2\/pages\/1657\/revisions\/1659"}],"up":[{"embeddable":true,"href":"https:\/\/elsaconcierge.com\/it\/wp-json\/wp\/v2\/pages\/1652"}],"wp:featuredmedia":[{"embeddable":true,"href":"https:\/\/elsaconcierge.com\/it\/wp-json\/wp\/v2\/media\/1500"}],"wp:attachment":[{"href":"https:\/\/elsaconcierge.com\/it\/wp-json\/wp\/v2\/media?parent=1657"}],"wp:term":[{"taxonomy":"category","embeddable":true,"href":"https:\/\/elsaconcierge.com\/it\/wp-json\/wp\/v2\/categories?post=1657"},{"taxonomy":"post_tag","embeddable":true,"href":"https:\/\/elsaconcierge.com\/it\/wp-json\/wp\/v2\/tags?post=1657"}],"curies":[{"name":"wp","href":"https:\/\/api.w.org\/{rel}","templated":true}]}}