{"id":1654,"date":"2022-07-14T14:19:59","date_gmt":"2022-07-14T14:19:59","guid":{"rendered":"https:\/\/elsaconcierge.com\/noleggi\/noleggo-auto\/"},"modified":"2023-05-05T10:40:44","modified_gmt":"2023-05-05T10:40:44","slug":"noleggio-auto","status":"publish","type":"page","link":"https:\/\/elsaconcierge.com\/it\/noleggi\/noleggio-auto\/","title":{"rendered":"Noleggio Auto"},"content":{"rendered":"<section class=\"l-section wpb_row height_small\"><div class=\"l-section-h i-cf\"><div class=\"g-cols vc_row via_flex valign_top type_default stacking_default\"><div class=\"vc_col-sm-4 wpb_column vc_column_container\"><div class=\"vc_column-inner\"><div class=\"wpb_wrapper\"><div class=\"w-image style_shadow-2 align_none\"><a ref=\"magnificPopup\" href=\"https:\/\/elsaconcierge.com\/wp-content\/uploads\/2022\/04\/WhatsApp-Image-2019-05-12-at-16.11.36-4.jpeg\" aria-label=\"WhatsApp-Image-2019-05-12-at-16.11.36-4\" class=\"w-image-h\"><div class=\"w-image-shadow\" style=\"background-image:url(https:\/\/elsaconcierge.com\/wp-content\/uploads\/2022\/04\/WhatsApp-Image-2019-05-12-at-16.11.36-4-1024x768.jpeg);\"><\/div><img decoding=\"async\" width=\"1024\" height=\"768\" src=\"https:\/\/elsaconcierge.com\/wp-content\/uploads\/2022\/04\/WhatsApp-Image-2019-05-12-at-16.11.36-4-1024x768.jpeg\" class=\"attachment-large size-large\" alt=\"\" loading=\"lazy\" srcset=\"https:\/\/elsaconcierge.com\/wp-content\/uploads\/2022\/04\/WhatsApp-Image-2019-05-12-at-16.11.36-4-1024x768.jpeg 1024w, https:\/\/elsaconcierge.com\/wp-content\/uploads\/2022\/04\/WhatsApp-Image-2019-05-12-at-16.11.36-4-600x450.jpeg 600w, https:\/\/elsaconcierge.com\/wp-content\/uploads\/2022\/04\/WhatsApp-Image-2019-05-12-at-16.11.36-4-300x225.jpeg 300w, https:\/\/elsaconcierge.com\/wp-content\/uploads\/2022\/04\/WhatsApp-Image-2019-05-12-at-16.11.36-4.jpeg 1600w\" sizes=\"auto, (max-width: 1024px) 100vw, 1024px\" \/><\/a><\/div><\/div><\/div><\/div><div class=\"vc_col-sm-8 wpb_column vc_column_container\"><div class=\"vc_column-inner\"><div class=\"wpb_wrapper\"><div class=\"wpb_text_column\"><div class=\"wpb_wrapper\"><h3>Elsa Concierge Luxury Services offre servizi di autonoleggio in Sardegna e in Italia.<\/h3>\n<p>Il nostro parco macchine, con una vasta selezione di veicoli per uso privato o commerciale, ci permette di soddisfare le richieste pi\u00f9 esigenti a prezzi competitivi.<br \/>\nIl servizio noleggio auto ELSA Concierge comprende il noleggio di auto di tutte le marche a breve e lungo termine e potrai scegliere tra: utilitarie compatte, city car, familiari, minivan e SUV.<\/p>\n<\/div><\/div><\/div><\/div><\/div><\/div><\/div><\/section><section class=\"l-section wpb_row height_small\"><div class=\"l-section-h i-cf\"><div class=\"g-cols vc_row via_flex valign_top type_default stacking_default\"><div class=\"vc_col-sm-12 wpb_column vc_column_container\"><div class=\"vc_column-inner\"><div class=\"wpb_wrapper\"><div class=\"w-actionbox color_primary controls_bottom\"><div class=\"w-actionbox-text\"><h2 class=\"w-actionbox-title\">Prova l&#8217;auto dei tuoi sogni!<\/h2><div class=\"w-actionbox-description\"><p>Il nostro personale consegner\u00e0 o ritirer\u00e0 tempestivamente l&#8217;auto nel luogo a te pi\u00f9 comodo.<\/p>\n<\/div><\/div><div class=\"w-actionbox-controls\"><a class=\"w-btn us-btn-style_1\" title=\"Contatto\" href=\"https:\/\/elsaconcierge.com\/contact\/\"><span class=\"w-btn-label\">Contattaci<\/span><\/a><\/div><\/div><\/div><\/div><\/div><\/div><\/div><\/section>\n","protected":false},"excerpt":{"rendered":"Elsa Concierge Luxury Services offre servizi di autonoleggio in Sardegna e in Italia. Il nostro parco macchine, con una vasta selezione di veicoli per uso privato o commerciale, ci permette di soddisfare le richieste pi\u00f9 esigenti a prezzi competitivi. Il servizio noleggio auto ELSA Concierge comprende il noleggio di auto di tutte le marche a...","protected":false},"author":3,"featured_media":1495,"parent":1652,"menu_order":2,"comment_status":"closed","ping_status":"closed","template":"","meta":{"_acf_changed":false,"footnotes":""},"categories":[69],"tags":[],"class_list":["post-1654","page","type-page","status-publish","has-post-thumbnail","hentry","category-noleggio"],"acf":[],"yoast_head":"<!-- This site is optimized with the Yoast SEO plugin v22.5 - https:\/\/yoast.com\/wordpress\/plugins\/seo\/ -->\n<title>Noleggio Auto in Sardegna, Italia - ELSA Concierge Services<\/title>\n<meta name=\"description\" content=\"Scegli il servizio di noleggio auto ELSA Concierge per la tua prossima vacanza in Sardegna, Italia! Ampia gamma di veicoli per tutte le esigenze.\" \/>\n<meta name=\"robots\" content=\"index, follow, max-snippet:-1, max-image-preview:large, max-video-preview:-1\" \/>\n<link rel=\"canonical\" href=\"https:\/\/elsaconcierge.com\/it\/noleggi\/noleggio-auto\/\" \/>\n<meta property=\"og:locale\" content=\"it_IT\" \/>\n<meta property=\"og:type\" content=\"article\" \/>\n<meta property=\"og:title\" content=\"Noleggio Auto in Sardegna, Italia - ELSA Concierge Services\" \/>\n<meta property=\"og:description\" content=\"Scegli il servizio di noleggio auto ELSA Concierge per la tua prossima vacanza in Sardegna, Italia! Ampia gamma di veicoli per tutte le esigenze.\" \/>\n<meta property=\"og:url\" content=\"https:\/\/elsaconcierge.com\/it\/noleggi\/noleggio-auto\/\" \/>\n<meta property=\"og:site_name\" content=\"ELSA Concierge Services\" \/>\n<meta property=\"article:modified_time\" content=\"2023-05-05T10:40:44+00:00\" \/>\n<meta property=\"og:image\" content=\"https:\/\/elsaconcierge.com\/wp-content\/uploads\/2022\/07\/car-gffc3244d9_1920.jpg\" \/>\n\t<meta property=\"og:image:width\" content=\"1920\" \/>\n\t<meta property=\"og:image:height\" content=\"1277\" \/>\n\t<meta property=\"og:image:type\" content=\"image\/jpeg\" \/>\n<meta name=\"twitter:card\" content=\"summary_large_image\" \/>\n<meta name=\"twitter:label1\" content=\"Tempo di lettura stimato\" \/>\n\t<meta name=\"twitter:data1\" content=\"1 minuto\" \/>\n<script type=\"application\/ld+json\" class=\"yoast-schema-graph\">{\"@context\":\"https:\/\/schema.org\",\"@graph\":[{\"@type\":\"WebPage\",\"@id\":\"https:\/\/elsaconcierge.com\/it\/noleggi\/noleggio-auto\/\",\"url\":\"https:\/\/elsaconcierge.com\/it\/noleggi\/noleggio-auto\/\",\"name\":\"Noleggio Auto in Sardegna, Italia - ELSA Concierge Services\",\"isPartOf\":{\"@id\":\"https:\/\/elsaconcierge.com\/#website\"},\"primaryImageOfPage\":{\"@id\":\"https:\/\/elsaconcierge.com\/it\/noleggi\/noleggio-auto\/#primaryimage\"},\"image\":{\"@id\":\"https:\/\/elsaconcierge.com\/it\/noleggi\/noleggio-auto\/#primaryimage\"},\"thumbnailUrl\":\"https:\/\/elsaconcierge.com\/wp-content\/uploads\/2022\/07\/car-gffc3244d9_1920.jpg\",\"datePublished\":\"2022-07-14T14:19:59+00:00\",\"dateModified\":\"2023-05-05T10:40:44+00:00\",\"description\":\"Scegli il servizio di noleggio auto ELSA Concierge per la tua prossima vacanza in Sardegna, Italia! Ampia gamma di veicoli per tutte le esigenze.\",\"breadcrumb\":{\"@id\":\"https:\/\/elsaconcierge.com\/it\/noleggi\/noleggio-auto\/#breadcrumb\"},\"inLanguage\":\"it-IT\",\"potentialAction\":[{\"@type\":\"ReadAction\",\"target\":[\"https:\/\/elsaconcierge.com\/it\/noleggi\/noleggio-auto\/\"]}]},{\"@type\":\"ImageObject\",\"inLanguage\":\"it-IT\",\"@id\":\"https:\/\/elsaconcierge.com\/it\/noleggi\/noleggio-auto\/#primaryimage\",\"url\":\"https:\/\/elsaconcierge.com\/wp-content\/uploads\/2022\/07\/car-gffc3244d9_1920.jpg\",\"contentUrl\":\"https:\/\/elsaconcierge.com\/wp-content\/uploads\/2022\/07\/car-gffc3244d9_1920.jpg\",\"width\":1920,\"height\":1277},{\"@type\":\"BreadcrumbList\",\"@id\":\"https:\/\/elsaconcierge.com\/it\/noleggi\/noleggio-auto\/#breadcrumb\",\"itemListElement\":[{\"@type\":\"ListItem\",\"position\":1,\"name\":\"Home\",\"item\":\"https:\/\/elsaconcierge.com\/it\/\"},{\"@type\":\"ListItem\",\"position\":2,\"name\":\"Noleggi\",\"item\":\"https:\/\/elsaconcierge.com\/it\/noleggi\/\"},{\"@type\":\"ListItem\",\"position\":3,\"name\":\"Noleggio Auto\"}]},{\"@type\":\"WebSite\",\"@id\":\"https:\/\/elsaconcierge.com\/#website\",\"url\":\"https:\/\/elsaconcierge.com\/\",\"name\":\"ELSA Concierge Services\",\"description\":\"\",\"publisher\":{\"@id\":\"https:\/\/elsaconcierge.com\/#organization\"},\"potentialAction\":[{\"@type\":\"SearchAction\",\"target\":{\"@type\":\"EntryPoint\",\"urlTemplate\":\"https:\/\/elsaconcierge.com\/?s={search_term_string}\"},\"query-input\":\"required name=search_term_string\"}],\"inLanguage\":\"it-IT\"},{\"@type\":\"Organization\",\"@id\":\"https:\/\/elsaconcierge.com\/#organization\",\"name\":\"ELSA Concierge Services\",\"url\":\"https:\/\/elsaconcierge.com\/\",\"logo\":{\"@type\":\"ImageObject\",\"inLanguage\":\"it-IT\",\"@id\":\"https:\/\/elsaconcierge.com\/#\/schema\/logo\/image\/\",\"url\":\"https:\/\/elsaconcierge.com\/wp-content\/uploads\/2022\/04\/logo-elsa-copia.png\",\"contentUrl\":\"https:\/\/elsaconcierge.com\/wp-content\/uploads\/2022\/04\/logo-elsa-copia.png\",\"width\":278,\"height\":268,\"caption\":\"ELSA Concierge Services\"},\"image\":{\"@id\":\"https:\/\/elsaconcierge.com\/#\/schema\/logo\/image\/\"}}]}<\/script>\n<!-- \/ Yoast SEO plugin. -->","yoast_head_json":{"title":"Noleggio Auto in Sardegna, Italia - ELSA Concierge Services","description":"Scegli il servizio di noleggio auto ELSA Concierge per la tua prossima vacanza in Sardegna, Italia! Ampia gamma di veicoli per tutte le esigenze.","robots":{"index":"index","follow":"follow","max-snippet":"max-snippet:-1","max-image-preview":"max-image-preview:large","max-video-preview":"max-video-preview:-1"},"canonical":"https:\/\/elsaconcierge.com\/it\/noleggi\/noleggio-auto\/","og_locale":"it_IT","og_type":"article","og_title":"Noleggio Auto in Sardegna, Italia - ELSA Concierge Services","og_description":"Scegli il servizio di noleggio auto ELSA Concierge per la tua prossima vacanza in Sardegna, Italia! Ampia gamma di veicoli per tutte le esigenze.","og_url":"https:\/\/elsaconcierge.com\/it\/noleggi\/noleggio-auto\/","og_site_name":"ELSA Concierge Services","article_modified_time":"2023-05-05T10:40:44+00:00","og_image":[{"width":1920,"height":1277,"url":"https:\/\/elsaconcierge.com\/wp-content\/uploads\/2022\/07\/car-gffc3244d9_1920.jpg","type":"image\/jpeg"}],"twitter_card":"summary_large_image","twitter_misc":{"Tempo di lettura stimato":"1 minuto"},"schema":{"@context":"https:\/\/schema.org","@graph":[{"@type":"WebPage","@id":"https:\/\/elsaconcierge.com\/it\/noleggi\/noleggio-auto\/","url":"https:\/\/elsaconcierge.com\/it\/noleggi\/noleggio-auto\/","name":"Noleggio Auto in Sardegna, Italia - ELSA Concierge Services","isPartOf":{"@id":"https:\/\/elsaconcierge.com\/#website"},"primaryImageOfPage":{"@id":"https:\/\/elsaconcierge.com\/it\/noleggi\/noleggio-auto\/#primaryimage"},"image":{"@id":"https:\/\/elsaconcierge.com\/it\/noleggi\/noleggio-auto\/#primaryimage"},"thumbnailUrl":"https:\/\/elsaconcierge.com\/wp-content\/uploads\/2022\/07\/car-gffc3244d9_1920.jpg","datePublished":"2022-07-14T14:19:59+00:00","dateModified":"2023-05-05T10:40:44+00:00","description":"Scegli il servizio di noleggio auto ELSA Concierge per la tua prossima vacanza in Sardegna, Italia! Ampia gamma di veicoli per tutte le esigenze.","breadcrumb":{"@id":"https:\/\/elsaconcierge.com\/it\/noleggi\/noleggio-auto\/#breadcrumb"},"inLanguage":"it-IT","potentialAction":[{"@type":"ReadAction","target":["https:\/\/elsaconcierge.com\/it\/noleggi\/noleggio-auto\/"]}]},{"@type":"ImageObject","inLanguage":"it-IT","@id":"https:\/\/elsaconcierge.com\/it\/noleggi\/noleggio-auto\/#primaryimage","url":"https:\/\/elsaconcierge.com\/wp-content\/uploads\/2022\/07\/car-gffc3244d9_1920.jpg","contentUrl":"https:\/\/elsaconcierge.com\/wp-content\/uploads\/2022\/07\/car-gffc3244d9_1920.jpg","width":1920,"height":1277},{"@type":"BreadcrumbList","@id":"https:\/\/elsaconcierge.com\/it\/noleggi\/noleggio-auto\/#breadcrumb","itemListElement":[{"@type":"ListItem","position":1,"name":"Home","item":"https:\/\/elsaconcierge.com\/it\/"},{"@type":"ListItem","position":2,"name":"Noleggi","item":"https:\/\/elsaconcierge.com\/it\/noleggi\/"},{"@type":"ListItem","position":3,"name":"Noleggio Auto"}]},{"@type":"WebSite","@id":"https:\/\/elsaconcierge.com\/#website","url":"https:\/\/elsaconcierge.com\/","name":"ELSA Concierge Services","description":"","publisher":{"@id":"https:\/\/elsaconcierge.com\/#organization"},"potentialAction":[{"@type":"SearchAction","target":{"@type":"EntryPoint","urlTemplate":"https:\/\/elsaconcierge.com\/?s={search_term_string}"},"query-input":"required name=search_term_string"}],"inLanguage":"it-IT"},{"@type":"Organization","@id":"https:\/\/elsaconcierge.com\/#organization","name":"ELSA Concierge Services","url":"https:\/\/elsaconcierge.com\/","logo":{"@type":"ImageObject","inLanguage":"it-IT","@id":"https:\/\/elsaconcierge.com\/#\/schema\/logo\/image\/","url":"https:\/\/elsaconcierge.com\/wp-content\/uploads\/2022\/04\/logo-elsa-copia.png","contentUrl":"https:\/\/elsaconcierge.com\/wp-content\/uploads\/2022\/04\/logo-elsa-copia.png","width":278,"height":268,"caption":"ELSA Concierge Services"},"image":{"@id":"https:\/\/elsaconcierge.com\/#\/schema\/logo\/image\/"}}]}},"_links":{"self":[{"href":"https:\/\/elsaconcierge.com\/it\/wp-json\/wp\/v2\/pages\/1654","targetHints":{"allow":["GET"]}}],"collection":[{"href":"https:\/\/elsaconcierge.com\/it\/wp-json\/wp\/v2\/pages"}],"about":[{"href":"https:\/\/elsaconcierge.com\/it\/wp-json\/wp\/v2\/types\/page"}],"author":[{"embeddable":true,"href":"https:\/\/elsaconcierge.com\/it\/wp-json\/wp\/v2\/users\/3"}],"replies":[{"embeddable":true,"href":"https:\/\/elsaconcierge.com\/it\/wp-json\/wp\/v2\/comments?post=1654"}],"version-history":[{"count":10,"href":"https:\/\/elsaconcierge.com\/it\/wp-json\/wp\/v2\/pages\/1654\/revisions"}],"predecessor-version":[{"id":2773,"href":"https:\/\/elsaconcierge.com\/it\/wp-json\/wp\/v2\/pages\/1654\/revisions\/2773"}],"up":[{"embeddable":true,"href":"https:\/\/elsaconcierge.com\/it\/wp-json\/wp\/v2\/pages\/1652"}],"wp:featuredmedia":[{"embeddable":true,"href":"https:\/\/elsaconcierge.com\/it\/wp-json\/wp\/v2\/media\/1495"}],"wp:attachment":[{"href":"https:\/\/elsaconcierge.com\/it\/wp-json\/wp\/v2\/media?parent=1654"}],"wp:term":[{"taxonomy":"category","embeddable":true,"href":"https:\/\/elsaconcierge.com\/it\/wp-json\/wp\/v2\/categories?post=1654"},{"taxonomy":"post_tag","embeddable":true,"href":"https:\/\/elsaconcierge.com\/it\/wp-json\/wp\/v2\/tags?post=1654"}],"curies":[{"name":"wp","href":"https:\/\/api.w.org\/{rel}","templated":true}]}}